{"id":1259,"date":"2025-02-11T13:46:34","date_gmt":"2025-02-11T16:46:34","guid":{"rendered":"https:\/\/imcasablanca.cl\/?page_id=1259"},"modified":"2026-04-22T16:20:47","modified_gmt":"2026-04-22T20:20:47","slug":"senda","status":"publish","type":"page","link":"https:\/\/imcasablanca.cl\/?page_id=1259","title":{"rendered":"SENDA"},"content":{"rendered":"\n<div style=\"height:232px\" aria-hidden=\"true\" class=\"wp-block-spacer\"><\/div>\n\n\n\n<p><strong>\u00bfQu\u00e9 es SENDA?<\/strong><\/p>\n\n\n\n<p>El<strong> Servicio Nacional para la Prevenci\u00f3n y Rehabilitaci\u00f3n del Consumo de Drogas y Alcohol <\/strong>(SENDA) es un servicio p\u00fablico descentralizado encargado de la ejecuci\u00f3n de las pol\u00edticas en materia de prevenci\u00f3n del consumo de estupefacientes, sustancias psicotr\u00f3picas e ingesta abusiva de alcohol, y de tratamiento, rehabilitaci\u00f3n y reinserci\u00f3n social de las personas afectadas por dichos estupefacientes y sustancias sicotr\u00f3picas.<\/p>\n\n\n\n<p><strong>\u00bfQu\u00e9 es SENDA Previene?<\/strong><\/p>\n\n\n\n<p>SENDA dispone de un sistema de prevenci\u00f3n, conformado por la oferta program\u00e1tica, que considera el actuar preventivo desde los espacios, educativos, laborales y barriales, desplegando transversalmente la oferta program\u00e1tica disponible para desarrollar competencias que tienden a&nbsp;<strong>fortalecer factores protectores y disminuir factores de riesgo en las personas, familias (entendidas como: padres, madres y adultos cuidadores), grupos y comunidades que habitan en esos espacios.<\/strong><\/p>\n\n\n\n<p>Para esto SENDA dispone del&nbsp;<strong>Programa SENDA Previene<\/strong>, el cual a trav\u00e9s de diversos profesionales desarrolla coordinaciones con distintas Unidades, Direcciones y Departamentos Municipales y otras instituciones p\u00fablicas y privadas de nivel comunal, con el objeto de generar las mejores condiciones para la implementaci\u00f3n de la oferta program\u00e1tica de SENDA, en los \u00e1mbitos: comunitarios, educacionales y laborales. Las gestiones de SENDA Previene en la Comuna, adem\u00e1s contribuye a impulsar a trav\u00e9s del Departamento de Comunicaciones del Municipio, acciones de sensibilizaci\u00f3n y educaci\u00f3n respecto de las consecuencias sociales y sanitarias del consumo.<\/p>\n\n\n\n<p><strong>\u00bfC\u00f3mo acceder a tratamiento?<\/strong><\/p>\n\n\n\n<p>En Tratamiento, SENDA dispone que los equipos SENDA Previene a nivel comunal, deben establecer mecanismos para fortalecer las acciones de detecci\u00f3n temprana y referenciaci\u00f3n asistida a tratamiento de la demanda espont\u00e1nea recibida por los equipos comunales, para lo cual, los equipos comunales realizan las siguientes acciones: recepcionar a la persona que consulta, entregar informaci\u00f3n y orientaci\u00f3n, aplicaci\u00f3n de un instrumento de tamizaje cuando corresponda y referenciaci\u00f3n al dispositivo de salud, seg\u00fan los acuerdos regionales de red.<\/p>\n\n\n\n<p>Por tanto,&nbsp;<strong>SENDA Previene es un programa que no realiza tratamiento<\/strong>, si necesitas acceder a tratamiento, debes cumplir los siguientes requisitos: <br>&#8211; Ser mayor de 18 a\u00f1os<br>&#8211; Estar inscrito en FONASA o en PRAIS<br>&#8211; Estar inscrito en el Hospital San Jos\u00e9 de Casablanca<br>&#8211; Tener la voluntariedad para ingresar.<br><br>Luego debes dirigirte al Centro de Tratamiento Ambulatorio (CTA) de la comuna, ubicado en Yungay #124  (ex hospital), de lunes a viernes entre las 09:30 y las 17:30 horas.<\/p>\n\n\n\n<p><strong>\u00bfC\u00f3mo SENDA Previene colabora en integraci\u00f3n social?<\/strong><\/p>\n\n\n\n<p>En \u00e1mbito de Integraci\u00f3n Social, los equipos comunales se convierten en articuladores de las oportunidades comunales para la inclusi\u00f3n social de las personas con consumo, a trav\u00e9s de acciones y\/o estrategias que permitan instalar un discurso de sensibilizaci\u00f3n para la aceptaci\u00f3n social de estas personas y\/o articulando una red local con oportunidades para la integraci\u00f3n social amplia, de acuerdo a sus necesidades y realidades territoriales.<\/p>\n\n\n\n<p><strong>\u00bfCu\u00e1les son los antecedentes de contacto del equipo SENDA Previene?<\/strong><\/p>\n\n\n\n<p>El equipo SENDA Previene de Casablanca est\u00e1 integrado por tres profesionales:<\/p>\n\n\n\n<ul class=\"wp-block-list\">\n<li>Christian Rom\u00e1n Tombolini: Coordinador<\/li>\n\n\n\n<li>Romina Ruiz Rojas: Psic\u00f3loga <\/li>\n\n\n\n<li>Francisca Huentro Garc\u00eda: Trabajadora Social.<\/li>\n<\/ul>\n\n\n\n<ul class=\"wp-block-list\">\n<li>N\u00famero de red fija: 322277401<\/li>\n\n\n\n<li>WhatsApp: +569 68193100<\/li>\n\n\n\n<li>Correo:&nbsp;<a href=\"mailto:senda.previene@municipalidadcasablanca.cl\">senda.previene@municipalidadcasablanca.cl<\/a><\/li>\n\n\n\n<li>Oficina: Av. Constituci\u00f3n #384, oficina 7<\/li>\n\n\n\n<li>Horario de atenci\u00f3n: 09:00 a 14:00 y de 15:00 a 17:30 horas.<\/li>\n<\/ul>\n\n\n\n<p><strong>Para m\u00e1s informaci\u00f3n:<\/strong><\/p>\n\n\n\n<p>P\u00e1gina web de SENDA:&nbsp;<a href=\"http:\/\/www.senda.gob.cl\/\">www.senda.gob.cl<\/a><\/p>\n\n\n\n<p>Fono Drogas y Alcohol: 1412<\/p>\n\n\n\n<p>Redes Sociales Comunales:<\/p>\n\n\n\n<figure class=\"wp-block-table\"><table class=\"has-fixed-layout\"><tbody><tr><td><strong>&nbsp;Facebook<\/strong><a href=\"https:\/\/www.facebook.com\/sendaprevienecasablanca\/\" target=\"_blank\" rel=\"noreferrer noopener\"><\/a><\/td><td><a href=\"https:\/\/www.facebook.com\/sendaprevienecasablanca\/\" target=\"_blank\" rel=\"noreferrer noopener\">&nbsp;Senda Previene Casablanca<\/a><\/td><\/tr><tr><td><strong>Instagram<\/strong><\/td><td><a href=\"https:\/\/www.instagram.com\/sendacasablanca\/\" target=\"_blank\" rel=\"noreferrer noopener\">@sendacasablanca<\/a><\/td><\/tr><\/tbody><\/table><\/figure>\n\n\n\n<p><\/p>\n","protected":false},"excerpt":{"rendered":"<p>\u00bfQu\u00e9 es SENDA? El Servicio Nacional para la Prevenci\u00f3n y Rehabilitaci\u00f3n del Consumo de Drogas y Alcohol (SENDA) es un [&hellip;]<\/p>\n","protected":false},"author":1,"featured_media":0,"parent":0,"menu_order":0,"comment_status":"closed","ping_status":"closed","template":"","meta":{"_uag_custom_page_level_css":"","site-sidebar-layout":"default","site-content-layout":"","ast-site-content-layout":"default","site-content-style":"default","site-sidebar-style":"default","ast-global-header-display":"","ast-banner-title-visibility":"","ast-main-header-display":"","ast-hfb-above-header-display":"","ast-hfb-below-header-display":"","ast-hfb-mobile-header-display":"","site-post-title":"","ast-breadcrumbs-content":"","ast-featured-img":"","footer-sml-layout":"","ast-disable-related-posts":"","theme-transparent-header-meta":"","adv-header-id-meta":"","stick-header-meta":"","header-above-stick-meta":"","header-main-stick-meta":"","header-below-stick-meta":"","astra-migrate-meta-layouts":"default","ast-page-background-enabled":"default","ast-page-background-meta":{"desktop":{"background-color":"var(--ast-global-color-4)","background-image":"","background-repeat":"repeat","background-position":"center center","background-size":"auto","background-attachment":"scroll","background-type":"","background-media":"","overlay-type":"","overlay-color":"","overlay-opacity":"","overlay-gradient":""},"tablet":{"background-color":"","background-image":"","background-repeat":"repeat","background-position":"center center","background-size":"auto","background-attachment":"scroll","background-type":"","background-media":"","overlay-type":"","overlay-color":"","overlay-opacity":"","overlay-gradient":""},"mobile":{"background-color":"","background-image":"","background-repeat":"repeat","background-position":"center center","background-size":"auto","background-attachment":"scroll","background-type":"","background-media":"","overlay-type":"","overlay-color":"","overlay-opacity":"","overlay-gradient":""}},"ast-content-background-meta":{"desktop":{"background-color":"var(--ast-global-color-5)","background-image":"","background-repeat":"repeat","background-position":"center center","background-size":"auto","background-attachment":"scroll","background-type":"","background-media":"","overlay-type":"","overlay-color":"","overlay-opacity":"","overlay-gradient":""},"tablet":{"background-color":"var(--ast-global-color-5)","background-image":"","background-repeat":"repeat","background-position":"center center","background-size":"auto","background-attachment":"scroll","background-type":"","background-media":"","overlay-type":"","overlay-color":"","overlay-opacity":"","overlay-gradient":""},"mobile":{"background-color":"var(--ast-global-color-5)","background-image":"","background-repeat":"repeat","background-position":"center center","background-size":"auto","background-attachment":"scroll","background-type":"","background-media":"","overlay-type":"","overlay-color":"","overlay-opacity":"","overlay-gradient":""}},"footnotes":""},"mostrar_en_pagina":[],"class_list":["post-1259","page","type-page","status-publish","hentry"],"uagb_featured_image_src":{"full":false,"thumbnail":false,"medium":false,"medium_large":false,"large":false,"1536x1536":false,"2048x2048":false},"uagb_author_info":{"display_name":"admin-casablanca","author_link":"https:\/\/imcasablanca.cl\/?author=1"},"uagb_comment_info":0,"uagb_excerpt":"\u00bfQu\u00e9 es SENDA? El Servicio Nacional para la Prevenci\u00f3n y Rehabilitaci\u00f3n del Consumo de Drogas y Alcohol (SENDA) es un [&hellip;]","_links":{"self":[{"href":"https:\/\/imcasablanca.cl\/index.php?rest_route=\/wp\/v2\/pages\/1259","targetHints":{"allow":["GET"]}}],"collection":[{"href":"https:\/\/imcasablanca.cl\/index.php?rest_route=\/wp\/v2\/pages"}],"about":[{"href":"https:\/\/imcasablanca.cl\/index.php?rest_route=\/wp\/v2\/types\/page"}],"author":[{"embeddable":true,"href":"https:\/\/imcasablanca.cl\/index.php?rest_route=\/wp\/v2\/users\/1"}],"replies":[{"embeddable":true,"href":"https:\/\/imcasablanca.cl\/index.php?rest_route=%2Fwp%2Fv2%2Fcomments&post=1259"}],"version-history":[{"count":4,"href":"https:\/\/imcasablanca.cl\/index.php?rest_route=\/wp\/v2\/pages\/1259\/revisions"}],"predecessor-version":[{"id":3335,"href":"https:\/\/imcasablanca.cl\/index.php?rest_route=\/wp\/v2\/pages\/1259\/revisions\/3335"}],"wp:attachment":[{"href":"https:\/\/imcasablanca.cl\/index.php?rest_route=%2Fwp%2Fv2%2Fmedia&parent=1259"}],"wp:term":[{"taxonomy":"mostrar_en_pagina","embeddable":true,"href":"https:\/\/imcasablanca.cl\/index.php?rest_route=%2Fwp%2Fv2%2Fmostrar_en_pagina&post=1259"}],"curies":[{"name":"wp","href":"https:\/\/api.w.org\/{rel}","templated":true}]}}