{"id":241,"date":"2024-04-10T02:42:56","date_gmt":"2024-04-10T02:42:56","guid":{"rendered":"https:\/\/imcasablanca.cl\/?page_id=241"},"modified":"2025-02-12T14:55:20","modified_gmt":"2025-02-12T17:55:20","slug":"tramites","status":"publish","type":"page","link":"https:\/\/imcasablanca.cl\/?page_id=241","title":{"rendered":"Tr\u00e1mites"},"content":{"rendered":"\n<div class=\"wp-block-cover alignfull patronsvg\" style=\"margin-top:0;margin-bottom:var(--wp--preset--spacing--40);padding-top:var(--wp--preset--spacing--60);padding-bottom:var(--wp--preset--spacing--80);min-height:240px;aspect-ratio:unset;\"><span aria-hidden=\"true\" class=\"wp-block-cover__background has-ast-global-color-0-background-color has-background-dim-100 has-background-dim\"><\/span><img loading=\"lazy\" decoding=\"async\" width=\"1366\" height=\"400\" class=\"wp-block-cover__image-background wp-image-376\" alt=\"\" src=\"https:\/\/imcasablanca.cl\/wp-content\/uploads\/2024\/04\/pattern-1.svg\" data-object-fit=\"cover\"\/><div class=\"wp-block-cover__inner-container is-layout-constrained wp-container-core-cover-is-layout-c679ad87 wp-block-cover-is-layout-constrained\">\n<div class=\"wp-block-group is-content-justification-left is-layout-constrained wp-container-core-group-is-layout-07915919 wp-block-group-is-layout-constrained\"><h1 style=\"font-style:normal;font-weight:700;text-transform:uppercase;\" class=\"wp-block-post-title has-x-large-font-size\">Tr\u00e1mites<\/h1>\n\n\n<p>Conoce todos los tr\u00e1mites que puedes realizar en las distintas unidades municipales. Ponemos a su disposici\u00f3n los formularios m\u00e1s requeridos.<\/p>\n<\/div>\n<\/div><\/div>\n\n\n\n<div class=\"wp-block-columns alignwide is-layout-flex wp-container-core-columns-is-layout-28f84493 wp-block-columns-is-layout-flex\">\n<div class=\"wp-block-column is-layout-flow wp-block-column-is-layout-flow\" style=\"flex-basis:30%\"><nav class=\"is-vertical wp-block-navigation is-layout-flex wp-container-core-navigation-is-layout-fe9cc265 wp-block-navigation-is-layout-flex\" aria-label=\"Tr\u00e1mites municipales\"><ul class=\"wp-block-navigation__container  is-vertical wp-block-navigation\"><li class=\" wp-block-navigation-item wp-block-navigation-link\"><a class=\"wp-block-navigation-item__content\"  href=\"https:\/\/imcasablanca.cl\/?page_id=241\"><span class=\"wp-block-navigation-item__label\">Licencias<\/span><\/a><\/li><li class=\" wp-block-navigation-item wp-block-navigation-link\"><a class=\"wp-block-navigation-item__content\"  href=\"https:\/\/imcasablanca.cl\/?page_id=15\"><span class=\"wp-block-navigation-item__label\">Permisos de circulaci\u00f3n<\/span><\/a><\/li><li class=\" wp-block-navigation-item wp-block-navigation-link\"><a class=\"wp-block-navigation-item__content\"  href=\"https:\/\/imcasablanca.cl\/infraestructura-publica\/\"><span class=\"wp-block-navigation-item__label\">Infraestructura P\u00fablica<\/span><\/a><\/li><li class=\" wp-block-navigation-item wp-block-navigation-link\"><a class=\"wp-block-navigation-item__content\"  href=\"https:\/\/imcasablanca.cl\/organizaciones-comunitarias-y-fundaciones\/\"><span class=\"wp-block-navigation-item__label\">Organizaciones Comunitarias y Fundaciones<\/span><\/a><\/li><li class=\" wp-block-navigation-item wp-block-navigation-link\"><a class=\"wp-block-navigation-item__content\"  href=\"https:\/\/imcasablanca.cl\/obras\/\"><span class=\"wp-block-navigation-item__label\">Obras<\/span><\/a><\/li><li class=\" wp-block-navigation-item wp-block-navigation-link\"><a class=\"wp-block-navigation-item__content\"  href=\"https:\/\/imcasablanca.cl\/?page_id=2864\"><span class=\"wp-block-navigation-item__label\">direcciones municipales<\/span><\/a><\/li><\/ul><\/nav><\/div>\n\n\n\n<div class=\"wp-block-column is-layout-flow wp-block-column-is-layout-flow\" style=\"flex-basis:70%\">\n<figure class=\"wp-block-table\"><table><tbody><tr><td><strong>&nbsp;Licencias<\/strong><\/td><td><strong>&nbsp;Permisos de circulaci\u00f3n<\/strong><\/td><\/tr><tr><td><a href=\"https:\/\/municipalidadcasablanca.cl\/images\/Tramites\/Licencias_conducir\/Cambio_clase_profesional.pdf\" target=\"_blank\" rel=\"noreferrer noopener\">Cambio de Clase Licencia de Conducir Profesional (A1-A2-A4)<\/a><br><a href=\"https:\/\/municipalidadcasablanca.cl\/images\/Tramites\/Licencias_conducir\/Cambio_direccion.pdf\" target=\"_blank\" rel=\"noreferrer noopener\">Solicitud de cambio de domicilio en la Licencia de Conducir<\/a><br><a href=\"https:\/\/municipalidadcasablanca.cl\/images\/Tramites\/Licencias_conducir\/cambio_licencia_3.pdf\" target=\"_blank\" rel=\"noreferrer noopener\">Control de Licencia Profesional Clase A1-A3-A4-A5<\/a><br><a href=\"https:\/\/municipalidadcasablanca.cl\/images\/Tramites\/Licencias_conducir\/cambio_tipo_licenciaB.pdf\" target=\"_blank\" rel=\"noreferrer noopener\">Cambio de Clase Licencia de Conducir para pasar de clase B a Profesional (A1-A2-A4)<\/a><br><a href=\"https:\/\/municipalidadcasablanca.cl\/images\/Tramites\/Licencias_conducir\/Duplicado_licencia.pdf\" target=\"_blank\" rel=\"noreferrer noopener\">Duplicado de Licencia de Conducir<\/a><br><a href=\"https:\/\/municipalidadcasablanca.cl\/images\/Tramites\/Licencias_conducir\/Extension_licencias_conducir.pdf\" target=\"_blank\" rel=\"noreferrer noopener\">Extensi\u00f3n de Licencia de Conducir s\u00f3lo para Clase C-D.<\/a><br><a href=\"https:\/\/municipalidadcasablanca.cl\/images\/Tramites\/Licencias_conducir\/Extension_licencia_conducir2.pdf\" target=\"_blank\" rel=\"noreferrer noopener\">Extensi\u00f3n de Licencia Clase F<\/a><br><a href=\"https:\/\/municipalidadcasablanca.cl\/images\/Tramites\/Licencias_conducir\/Licencias_conducir_17.pdf\" target=\"_blank\" rel=\"noreferrer noopener\">Licencia de Conducir 17 a\u00f1os<\/a><br><a href=\"https:\/\/municipalidadcasablanca.cl\/images\/Tramites\/Licencias_conducir\/Renovaci%C3%B3n_licencia.pdf\" target=\"_blank\" rel=\"noreferrer noopener\">Renovaci\u00f3n de Licencia Clase A1-A2<\/a><br><a href=\"https:\/\/municipalidadcasablanca.cl\/images\/Tramites\/Licencias_conducir\/Renovacion_licencia2.pdf\" target=\"_blank\" rel=\"noreferrer noopener\">Renovaci\u00f3n de Licencia Clase B-C-D<\/a><\/td><td><a href=\"https:\/\/municipalidadcasablanca.cl\/images\/Tramites\/Permisos_circulacion\/DUPLICADO_PERMISO_CIRCULACION.pdf\" target=\"_blank\" rel=\"noreferrer noopener\">Duplicado de Permiso de Circulaci\u00f3n<\/a><br><a href=\"https:\/\/municipalidadcasablanca.cl\/images\/Tramites\/Permisos_circulacion\/DUPLICADO_PLACA.pdf\" target=\"_blank\" rel=\"noreferrer noopener\">Duplicado de Placa Patente de Carros de Arrastre, Remolques y Semirremolques (Peso inferior 3.860 kilos)<\/a><br><a href=\"https:\/\/municipalidadcasablanca.cl\/images\/Tramites\/Permisos_circulacion\/DUPLICADO_SELLOS.pdf\" target=\"_blank\" rel=\"noreferrer noopener\">Solicitud duplicado adhesivo\/sellos (verde-rojo-amarillo)<\/a><br><a href=\"https:\/\/municipalidadcasablanca.cl\/images\/Tramites\/Permisos_circulacion\/PERMISOS%20DE%20CIRCULACION_CAMIONES.pdf\" target=\"_blank\" rel=\"noreferrer noopener\">1er Permiso de Circulaci\u00f3n de Camiones, Maquinaria Agr\u00edcola, Motonetas, Tractocamiones, Remolques y Semiremolques.<\/a><br><a href=\"https:\/\/municipalidadcasablanca.cl\/images\/Tramites\/Permisos_circulacion\/PERMISOS%20DE%20CIRCULACI%C3%93N_TAXIS.pdf\" target=\"_blank\" rel=\"noreferrer noopener\">1er Permiso de Circulaci\u00f3n de taxi b\u00e1sico, colectivo, microbuses, etc.<\/a><br><a href=\"https:\/\/municipalidadcasablanca.cl\/images\/Tramites\/Permisos_circulacion\/RENOVACION_PERMISOS_CIRCULACION.pdf\" target=\"_blank\" rel=\"noreferrer noopener\">Renovaci\u00f3n del Permiso de Circulaci\u00f3n de Camiones, Maquinaria Agr\u00edcola<\/a><br><a href=\"https:\/\/municipalidadcasablanca.cl\/images\/Tramites\/Permisos_circulacion\/RENOVACION_PERMISOS_CIRCULACION_TAXI.pdf\" target=\"_blank\" rel=\"noreferrer noopener\">Renovaci\u00f3n del Permiso de Circulaci\u00f3n de Taxi b\u00e1sico, Colectivo, Microbuses, etc.<\/a><br><a href=\"https:\/\/municipalidadcasablanca.cl\/images\/Tramites\/Permisos_circulacion\/TRANSLADO_PERMISO_CIRCULACION2.pdf\" target=\"_blank\" rel=\"noreferrer noopener\">Traslado de Permisos de Circulaci\u00f3n<\/a><\/td><\/tr><tr><td><strong>&nbsp;Infraestructura p\u00fablica<\/strong><\/td><td><strong>&nbsp;Organizaciones comunitarias y fundaciones<\/strong><\/td><\/tr><tr><td><a href=\"https:\/\/municipalidadcasablanca.cl\/images\/Tramites\/Otros\/INFRAESTRUCTURA_PUBLICA.pdf\" target=\"_blank\" rel=\"noreferrer noopener\">Programa de Pavimentos Participativos (Concursable)<\/a><\/td><td><a href=\"https:\/\/municipalidadcasablanca.cl\/images\/Documentos\/SOLICITUD_PERSONALIDAD_JURIDICA_23.pdf\" target=\"_blank\" rel=\"noreferrer noopener\">Solicitud de Personalidad Jur\u00eddica<\/a><\/td><\/tr><tr><td><strong>&nbsp;Obras<\/strong><\/td><td>&nbsp;<strong>Juzgado Polic\u00eda Local<\/strong><\/td><\/tr><tr><td><a href=\"https:\/\/municipalidadcasablanca.cl\/index.php\/22-tramites\/obras\/71-listado-de-documentos-que-se-deben-presentar-para-solicitar-recepcion-de-obra\">Listado de documentos que se deben presentar para solicitar un permiso de edificaci\u00f3n<\/a><br><a href=\"https:\/\/municipalidadcasablanca.cl\/index.php\/22-tramites\/obras\/70-listado-de-documentos-que-se-deben-presentar-para-solicitar-un-permiso-de-edificacion\">Listado de documentos que se deben presentar para solicitar recepci\u00f3n de obra<\/a><br><a href=\"https:\/\/municipalidadcasablanca.cl\/index.php\/22-tramites\/obras\/73-formularios-de-tramites-de-obras\">Formularios<\/a><\/td><td><a href=\"https:\/\/municipalidadcasablanca.cl\/index.php\/comuna-300\/descargas\/category\/12-juzgado-policia-local?download=31:solicitud-de-reconsideracion-de-multas\" target=\"_blank\" rel=\"noreferrer noopener\">Solicitud de Reconsideraci\u00f3n de Multa<\/a><br><a href=\"https:\/\/municipalidadcasablanca.cl\/index.php\/comuna-300\/descargas\/category\/12-juzgado-policia-local?download=58:procedimiento-de-solicitud-prescripcion-de-multas\" target=\"_blank\" rel=\"noreferrer noopener\">Procedimiento Para Solicitar Prescripci\u00f3n de Multas<\/a><br><a href=\"https:\/\/municipalidadcasablanca.cl\/index.php\/comuna-300\/descargas\/category\/12-juzgado-policia-local?download=56:formulario-prescripcion-de-multas-no-pagadas\" target=\"_blank\" rel=\"noreferrer noopener\">Formulario de Prescripci\u00f3n de Multas No Pagadas<\/a><\/td><\/tr><\/tbody><\/table><\/figure>\n<\/div>\n<\/div>\n","protected":false},"excerpt":{"rendered":"<p>&nbsp;Licencias &nbsp;Permisos de circulaci\u00f3n Cambio de Clase Licencia de Conducir Profesional (A1-A2-A4)Solicitud de cambio de domicilio en la Licencia de [&hellip;]<\/p>\n","protected":false},"author":1,"featured_media":0,"parent":0,"menu_order":0,"comment_status":"closed","ping_status":"closed","template":"","meta":{"_uag_custom_page_level_css":"","site-sidebar-layout":"default","site-content-layout":"","ast-site-content-layout":"default","site-content-style":"default","site-sidebar-style":"default","ast-global-header-display":"","ast-banner-title-visibility":"","ast-main-header-display":"","ast-hfb-above-header-display":"","ast-hfb-below-header-display":"","ast-hfb-mobile-header-display":"","site-post-title":"","ast-breadcrumbs-content":"","ast-featured-img":"","footer-sml-layout":"","ast-disable-related-posts":"","theme-transparent-header-meta":"","adv-header-id-meta":"","stick-header-meta":"","header-above-stick-meta":"","header-main-stick-meta":"","header-below-stick-meta":"","astra-migrate-meta-layouts":"default","ast-page-background-enabled":"default","ast-page-background-meta":{"desktop":{"background-color":"var(--ast-global-color-4)","background-image":"","background-repeat":"repeat","background-position":"center center","background-size":"auto","background-attachment":"scroll","background-type":"","background-media":"","overlay-type":"","overlay-color":"","overlay-opacity":"","overlay-gradient":""},"tablet":{"background-color":"","background-image":"","background-repeat":"repeat","background-position":"center center","background-size":"auto","background-attachment":"scroll","background-type":"","background-media":"","overlay-type":"","overlay-color":"","overlay-opacity":"","overlay-gradient":""},"mobile":{"background-color":"","background-image":"","background-repeat":"repeat","background-position":"center center","background-size":"auto","background-attachment":"scroll","background-type":"","background-media":"","overlay-type":"","overlay-color":"","overlay-opacity":"","overlay-gradient":""}},"ast-content-background-meta":{"desktop":{"background-color":"var(--ast-global-color-5)","background-image":"","background-repeat":"repeat","background-position":"center center","background-size":"auto","background-attachment":"scroll","background-type":"","background-media":"","overlay-type":"","overlay-color":"","overlay-opacity":"","overlay-gradient":""},"tablet":{"background-color":"var(--ast-global-color-5)","background-image":"","background-repeat":"repeat","background-position":"center center","background-size":"auto","background-attachment":"scroll","background-type":"","background-media":"","overlay-type":"","overlay-color":"","overlay-opacity":"","overlay-gradient":""},"mobile":{"background-color":"var(--ast-global-color-5)","background-image":"","background-repeat":"repeat","background-position":"center center","background-size":"auto","background-attachment":"scroll","background-type":"","background-media":"","overlay-type":"","overlay-color":"","overlay-opacity":"","overlay-gradient":""}},"footnotes":""},"mostrar_en_pagina":[],"class_list":["post-241","page","type-page","status-publish","hentry"],"uagb_featured_image_src":{"full":false,"thumbnail":false,"medium":false,"medium_large":false,"large":false,"1536x1536":false,"2048x2048":false},"uagb_author_info":{"display_name":"admin-casablanca","author_link":"https:\/\/imcasablanca.cl\/?author=1"},"uagb_comment_info":0,"uagb_excerpt":"&nbsp;Licencias &nbsp;Permisos de circulaci\u00f3n Cambio de Clase Licencia de Conducir Profesional (A1-A2-A4)Solicitud de cambio de domicilio en la Licencia de [&hellip;]","_links":{"self":[{"href":"https:\/\/imcasablanca.cl\/index.php?rest_route=\/wp\/v2\/pages\/241","targetHints":{"allow":["GET"]}}],"collection":[{"href":"https:\/\/imcasablanca.cl\/index.php?rest_route=\/wp\/v2\/pages"}],"about":[{"href":"https:\/\/imcasablanca.cl\/index.php?rest_route=\/wp\/v2\/types\/page"}],"author":[{"embeddable":true,"href":"https:\/\/imcasablanca.cl\/index.php?rest_route=\/wp\/v2\/users\/1"}],"replies":[{"embeddable":true,"href":"https:\/\/imcasablanca.cl\/index.php?rest_route=%2Fwp%2Fv2%2Fcomments&post=241"}],"version-history":[{"count":9,"href":"https:\/\/imcasablanca.cl\/index.php?rest_route=\/wp\/v2\/pages\/241\/revisions"}],"predecessor-version":[{"id":2308,"href":"https:\/\/imcasablanca.cl\/index.php?rest_route=\/wp\/v2\/pages\/241\/revisions\/2308"}],"wp:attachment":[{"href":"https:\/\/imcasablanca.cl\/index.php?rest_route=%2Fwp%2Fv2%2Fmedia&parent=241"}],"wp:term":[{"taxonomy":"mostrar_en_pagina","embeddable":true,"href":"https:\/\/imcasablanca.cl\/index.php?rest_route=%2Fwp%2Fv2%2Fmostrar_en_pagina&post=241"}],"curies":[{"name":"wp","href":"https:\/\/api.w.org\/{rel}","templated":true}]}}