{"id":2896,"date":"2026-01-28T01:35:53","date_gmt":"2026-01-28T04:35:53","guid":{"rendered":"https:\/\/imcasablanca.cl\/?page_id=2896"},"modified":"2026-04-23T15:20:29","modified_gmt":"2026-04-23T19:20:29","slug":"mision","status":"publish","type":"page","link":"https:\/\/imcasablanca.cl\/?page_id=2896","title":{"rendered":"mision"},"content":{"rendered":"\n<div class=\"wp-block-stackable-image stk-block-image stk-block stk-ffc9cdd\" data-block-id=\"ffc9cdd\"><figure><span class=\"stk-img-wrapper stk-image--shape-stretch\"><img loading=\"lazy\" decoding=\"async\" class=\"stk-img wp-image-2897\" src=\"https:\/\/imcasablanca.cl\/wp-content\/uploads\/2026\/01\/MISION-VISIONJ-scaled.jpg\" width=\"2560\" height=\"1425\" srcset=\"https:\/\/imcasablanca.cl\/wp-content\/uploads\/2026\/01\/MISION-VISIONJ-scaled.jpg 2560w, https:\/\/imcasablanca.cl\/wp-content\/uploads\/2026\/01\/MISION-VISIONJ-300x167.jpg 300w, https:\/\/imcasablanca.cl\/wp-content\/uploads\/2026\/01\/MISION-VISIONJ-1024x570.jpg 1024w, https:\/\/imcasablanca.cl\/wp-content\/uploads\/2026\/01\/MISION-VISIONJ-768x427.jpg 768w, https:\/\/imcasablanca.cl\/wp-content\/uploads\/2026\/01\/MISION-VISIONJ-1536x855.jpg 1536w, https:\/\/imcasablanca.cl\/wp-content\/uploads\/2026\/01\/MISION-VISIONJ-2048x1140.jpg 2048w\" sizes=\"auto, (max-width: 2560px) 100vw, 2560px\" \/><\/span><\/figure><\/div>\n\n\n\n<div class=\"wp-block-stackable-image stk-block-image stk-block stk-0f9e156\" data-block-id=\"0f9e156\"><style>.stk-0f9e156 .stk-img-wrapper{width:143px !important;}<\/style><figure><span class=\"stk-img-wrapper stk-image--shape-stretch\"><img loading=\"lazy\" decoding=\"async\" class=\"stk-img wp-image-2898\" src=\"https:\/\/imcasablanca.cl\/wp-content\/uploads\/2026\/01\/Captura-de-pantalla-2026-01-28-013350.png\" width=\"143\" height=\"49\"\/><\/span><\/figure><\/div>\n\n\n\n<div class=\"wp-block-stackable-text stk-block-text stk-block stk-5c41d9a\" data-block-id=\"5c41d9a\"><style>.stk-5c41d9a .stk-block-text__text{color:#338fee !important;}<\/style><p class=\"stk-block-text__text has-text-color has-text-align-justify\">\u201cSer una comuna que valora su identidad, que es participativa, inclusiva, integrada social y territorialmente en sus zonas urbanas, rurales y costeras; donde se propicia la vida tranquila, segura y en armon\u00eda con los ecosistemas naturales. Casablanca promueve su desarrollo econ\u00f3mico, realzando y preservando su patrimonio cultural, hist\u00f3rico, natural y construido; procura la sostenibilidad de sus actividades productivas y del turismo, dando relevancia al hecho de ser parte de la Reserva de la Bi\u00f3sfera \u201cLa Campana-Pe\u00f1uelas\u201d.<\/p><\/div>\n\n\n\n<div class=\"wp-block-stackable-image stk-block-image stk-block stk-73eae44\" data-block-id=\"73eae44\"><style>.stk-73eae44 .stk-img-wrapper{width:145px !important;}<\/style><figure><span class=\"stk-img-wrapper stk-image--shape-stretch\"><img loading=\"lazy\" decoding=\"async\" class=\"stk-img wp-image-2899\" src=\"https:\/\/imcasablanca.cl\/wp-content\/uploads\/2026\/01\/Captura-de-pantalla-2026-01-28-013401.png\" width=\"145\" height=\"47\"\/><\/span><\/figure><\/div>\n\n\n\n<div class=\"wp-block-stackable-text stk-block-text stk-block stk-7ce920d\" data-block-id=\"7ce920d\"><style>.stk-7ce920d .stk-block-text__text{color:#0693e3 !important;}<\/style><p class=\"stk-block-text__text has-text-color has-text-align-justify\">\u201cSomos un municipio innovador, que promueve el desarrollo sostenible de la comuna y la protecci\u00f3n del medioambiente. Estamos comprometidos con la dignidad y el respeto de los derechos de las personas; con la equidad territorial en los procesos de planificaci\u00f3n; procurando proveer servicios descentralizados y de calidad. Fomentamos la participaci\u00f3n ciudadana, el valor de la cultura e identidad local, los estilos de vida saludable y el enfoque de g\u00e9nero para lograr el bienestar de todos los habitantes\u201d.<\/p><\/div>\n\n\n\n<div style=\"height:27px\" aria-hidden=\"true\" class=\"wp-block-spacer\"><\/div>\n\n\n\n<div class=\"wp-block-stackable-button-group stk-block-button-group stk-block stk-23a3401\" data-block-id=\"23a3401\"><div class=\"stk-row stk-inner-blocks has-text-align-center stk-block-content stk-button-group\">\n<div class=\"wp-block-stackable-button stk-block-button has-text-align-center stk-block stk-0af174a\" data-block-id=\"0af174a\"><style>.stk-0af174a {border-top-left-radius:22px !important;border-top-right-radius:22px !important;border-bottom-right-radius:22px !important;border-bottom-left-radius:22px !important;overflow:hidden !important;}.stk-0af174a .stk-button{padding-right:40px !important;padding-left:40px !important;background:#1259a1 !important;}<\/style><a class=\"stk-link stk-button stk--hover-effect-darken\" href=\"https:\/\/imcasablanca.cl\/\"><span class=\"stk-button__inner-text\"><strong>VOLVER<\/strong><\/span><\/a><\/div>\n<\/div><\/div>\n\n\n\n<p><\/p>\n","protected":false},"excerpt":{"rendered":"<p>\u201cSer una comuna que valora su identidad, que es participativa, inclusiva, integrada social y territorialmente en sus zonas urbanas, rurales [&hellip;]<\/p>\n","protected":false},"author":1,"featured_media":0,"parent":0,"menu_order":0,"comment_status":"closed","ping_status":"closed","template":"","meta":{"_uag_custom_page_level_css":"","site-sidebar-layout":"default","site-content-layout":"","ast-site-content-layout":"default","site-content-style":"default","site-sidebar-style":"default","ast-global-header-display":"","ast-banner-title-visibility":"","ast-main-header-display":"","ast-hfb-above-header-display":"","ast-hfb-below-header-display":"","ast-hfb-mobile-header-display":"","site-post-title":"","ast-breadcrumbs-content":"","ast-featured-img":"","footer-sml-layout":"","ast-disable-related-posts":"","theme-transparent-header-meta":"","adv-header-id-meta":"","stick-header-meta":"","header-above-stick-meta":"","header-main-stick-meta":"","header-below-stick-meta":"","astra-migrate-meta-layouts":"default","ast-page-background-enabled":"default","ast-page-background-meta":{"desktop":{"background-color":"var(--ast-global-color-4)","background-image":"","background-repeat":"repeat","background-position":"center center","background-size":"auto","background-attachment":"scroll","background-type":"","background-media":"","overlay-type":"","overlay-color":"","overlay-opacity":"","overlay-gradient":""},"tablet":{"background-color":"","background-image":"","background-repeat":"repeat","background-position":"center center","background-size":"auto","background-attachment":"scroll","background-type":"","background-media":"","overlay-type":"","overlay-color":"","overlay-opacity":"","overlay-gradient":""},"mobile":{"background-color":"","background-image":"","background-repeat":"repeat","background-position":"center center","background-size":"auto","background-attachment":"scroll","background-type":"","background-media":"","overlay-type":"","overlay-color":"","overlay-opacity":"","overlay-gradient":""}},"ast-content-background-meta":{"desktop":{"background-color":"var(--ast-global-color-5)","background-image":"","background-repeat":"repeat","background-position":"center center","background-size":"auto","background-attachment":"scroll","background-type":"","background-media":"","overlay-type":"","overlay-color":"","overlay-opacity":"","overlay-gradient":""},"tablet":{"background-color":"var(--ast-global-color-5)","background-image":"","background-repeat":"repeat","background-position":"center center","background-size":"auto","background-attachment":"scroll","background-type":"","background-media":"","overlay-type":"","overlay-color":"","overlay-opacity":"","overlay-gradient":""},"mobile":{"background-color":"var(--ast-global-color-5)","background-image":"","background-repeat":"repeat","background-position":"center center","background-size":"auto","background-attachment":"scroll","background-type":"","background-media":"","overlay-type":"","overlay-color":"","overlay-opacity":"","overlay-gradient":""}},"footnotes":""},"mostrar_en_pagina":[],"class_list":["post-2896","page","type-page","status-publish","hentry"],"uagb_featured_image_src":{"full":false,"thumbnail":false,"medium":false,"medium_large":false,"large":false,"1536x1536":false,"2048x2048":false},"uagb_author_info":{"display_name":"admin-casablanca","author_link":"https:\/\/imcasablanca.cl\/?author=1"},"uagb_comment_info":0,"uagb_excerpt":"\u201cSer una comuna que valora su identidad, que es participativa, inclusiva, integrada social y territorialmente en sus zonas urbanas, rurales [&hellip;]","_links":{"self":[{"href":"https:\/\/imcasablanca.cl\/index.php?rest_route=\/wp\/v2\/pages\/2896","targetHints":{"allow":["GET"]}}],"collection":[{"href":"https:\/\/imcasablanca.cl\/index.php?rest_route=\/wp\/v2\/pages"}],"about":[{"href":"https:\/\/imcasablanca.cl\/index.php?rest_route=\/wp\/v2\/types\/page"}],"author":[{"embeddable":true,"href":"https:\/\/imcasablanca.cl\/index.php?rest_route=\/wp\/v2\/users\/1"}],"replies":[{"embeddable":true,"href":"https:\/\/imcasablanca.cl\/index.php?rest_route=%2Fwp%2Fv2%2Fcomments&post=2896"}],"version-history":[{"count":5,"href":"https:\/\/imcasablanca.cl\/index.php?rest_route=\/wp\/v2\/pages\/2896\/revisions"}],"predecessor-version":[{"id":3440,"href":"https:\/\/imcasablanca.cl\/index.php?rest_route=\/wp\/v2\/pages\/2896\/revisions\/3440"}],"wp:attachment":[{"href":"https:\/\/imcasablanca.cl\/index.php?rest_route=%2Fwp%2Fv2%2Fmedia&parent=2896"}],"wp:term":[{"taxonomy":"mostrar_en_pagina","embeddable":true,"href":"https:\/\/imcasablanca.cl\/index.php?rest_route=%2Fwp%2Fv2%2Fmostrar_en_pagina&post=2896"}],"curies":[{"name":"wp","href":"https:\/\/api.w.org\/{rel}","templated":true}]}}