{"id":3387,"date":"2026-04-22T17:27:35","date_gmt":"2026-04-22T21:27:35","guid":{"rendered":"https:\/\/imcasablanca.cl\/?page_id=3387"},"modified":"2026-04-23T13:30:00","modified_gmt":"2026-04-23T17:30:00","slug":"direccion-de-operaciones-y-servicios-generales","status":"publish","type":"page","link":"https:\/\/imcasablanca.cl\/?page_id=3387","title":{"rendered":"DIRECCI\u00d3N DE OPERACIONES Y SERVICIOS GENERALES"},"content":{"rendered":"\n<div class=\"wp-block-stackable-image stk-block-image stk-block stk-5ded630\" data-block-id=\"5ded630\"><figure><span class=\"stk-img-wrapper stk-image--shape-stretch\"><img loading=\"lazy\" decoding=\"async\" class=\"stk-img wp-image-2865\" src=\"https:\/\/imcasablanca.cl\/wp-content\/uploads\/2026\/01\/DIRECCIONES-scaled.jpg\" width=\"2560\" height=\"1448\" srcset=\"https:\/\/imcasablanca.cl\/wp-content\/uploads\/2026\/01\/DIRECCIONES-scaled.jpg 2560w, https:\/\/imcasablanca.cl\/wp-content\/uploads\/2026\/01\/DIRECCIONES-300x170.jpg 300w, https:\/\/imcasablanca.cl\/wp-content\/uploads\/2026\/01\/DIRECCIONES-1024x579.jpg 1024w, https:\/\/imcasablanca.cl\/wp-content\/uploads\/2026\/01\/DIRECCIONES-768x434.jpg 768w, https:\/\/imcasablanca.cl\/wp-content\/uploads\/2026\/01\/DIRECCIONES-1536x869.jpg 1536w, https:\/\/imcasablanca.cl\/wp-content\/uploads\/2026\/01\/DIRECCIONES-2048x1158.jpg 2048w\" sizes=\"auto, (max-width: 2560px) 100vw, 2560px\" \/><\/span><\/figure><\/div>\n\n\n\n<div class=\"wp-block-columns is-layout-flex wp-container-core-columns-is-layout-28f84493 wp-block-columns-is-layout-flex\">\n<div class=\"wp-block-column is-layout-flow wp-block-column-is-layout-flow\" style=\"flex-basis:33.33%\"><nav style=\"font-style:normal;font-weight:700;line-height:1;\" class=\"has-small-font-size is-responsive  is-vertical wp-block-navigation is-layout-flex wp-container-core-navigation-is-layout-fe9cc265 wp-block-navigation-is-layout-flex\" aria-label=\"Inicio\" \n\t\t data-wp-interactive=\"core\/navigation\" data-wp-context='{\"overlayOpenedBy\":{\"click\":false,\"hover\":false,\"focus\":false},\"type\":\"overlay\",\"roleAttribute\":\"\",\"ariaLabel\":\"Men\\u00fa\"}'><button aria-haspopup=\"dialog\" aria-label=\"Abrir el men\u00fa\" class=\"wp-block-navigation__responsive-container-open\" \n\t\t\t\tdata-wp-on--click=\"actions.openMenuOnClick\"\n\t\t\t\tdata-wp-on--keydown=\"actions.handleMenuKeydown\"\n\t\t\t><svg width=\"24\" height=\"24\" xmlns=\"http:\/\/www.w3.org\/2000\/svg\" viewBox=\"0 0 24 24\" aria-hidden=\"true\" focusable=\"false\"><path d=\"M4 7.5h16v1.5H4z\"><\/path><path d=\"M4 15h16v1.5H4z\"><\/path><\/svg><\/button>\n\t\t\t\t<div class=\"wp-block-navigation__responsive-container\"  id=\"modal-1\" \n\t\t\t\tdata-wp-class--has-modal-open=\"state.isMenuOpen\"\n\t\t\t\tdata-wp-class--is-menu-open=\"state.isMenuOpen\"\n\t\t\t\tdata-wp-watch=\"callbacks.initMenu\"\n\t\t\t\tdata-wp-on--keydown=\"actions.handleMenuKeydown\"\n\t\t\t\tdata-wp-on--focusout=\"actions.handleMenuFocusout\"\n\t\t\t\ttabindex=\"-1\"\n\t\t\t>\n\t\t\t\t\t<div class=\"wp-block-navigation__responsive-close\" tabindex=\"-1\">\n\t\t\t\t\t\t<div class=\"wp-block-navigation__responsive-dialog\" \n\t\t\t\tdata-wp-bind--aria-modal=\"state.ariaModal\"\n\t\t\t\tdata-wp-bind--aria-label=\"state.ariaLabel\"\n\t\t\t\tdata-wp-bind--role=\"state.roleAttribute\"\n\t\t\t>\n\t\t\t\t\t\t\t<button aria-label=\"Cerrar el men\u00fa\" class=\"wp-block-navigation__responsive-container-close\" \n\t\t\t\tdata-wp-on--click=\"actions.closeMenuOnClick\"\n\t\t\t><svg xmlns=\"http:\/\/www.w3.org\/2000\/svg\" viewBox=\"0 0 24 24\" width=\"24\" height=\"24\" aria-hidden=\"true\" focusable=\"false\"><path d=\"m13.06 12 6.47-6.47-1.06-1.06L12 10.94 5.53 4.47 4.47 5.53 10.94 12l-6.47 6.47 1.06 1.06L12 13.06l6.47 6.47 1.06-1.06L13.06 12Z\"><\/path><\/svg><\/button>\n\t\t\t\t\t\t\t<div class=\"wp-block-navigation__responsive-container-content\" \n\t\t\t\tdata-wp-watch=\"callbacks.focusFirstElement\"\n\t\t\t id=\"modal-1-content\">\n\t\t\t\t\t\t\t\t<ul style=\"font-style:normal;font-weight:700;line-height:1;\" class=\"wp-block-navigation__container has-small-font-size is-responsive  is-vertical wp-block-navigation has-small-font-size\"><li style=\"font-style:normal;font-weight:700;line-height:1;\" class=\"has-small-font-size wp-block-navigation-item wp-block-navigation-link has-small-font-size\"><a class=\"wp-block-navigation-item__content\"  href=\"https:\/\/imcasablanca.cl\/?page_id=19\"><span class=\"wp-block-navigation-item__label\">ADMINISTRACI\u00d3N MUNICIPAL<\/span><\/a><\/li><li style=\"font-style:normal;font-weight:700;line-height:1;\" class=\"has-small-font-size wp-block-navigation-item wp-block-navigation-link has-small-font-size\"><a class=\"wp-block-navigation-item__content\"  href=\"https:\/\/imcasablanca.cl\/?page_id=21\"><span class=\"wp-block-navigation-item__label\">DIRECCI\u00d3N DE ADMINISTRACI\u00d3N Y FINANZAS<\/span><\/a><\/li><li style=\"font-style:normal;font-weight:700;line-height:1;\" class=\"has-small-font-size wp-block-navigation-item wp-block-navigation-link has-small-font-size\"><a class=\"wp-block-navigation-item__content\"  href=\"https:\/\/imcasablanca.cl\/?page_id=3363\"><span class=\"wp-block-navigation-item__label\">SECRETAR\u00cdA MUNICIPAL<\/span><\/a><\/li><li class=\"has-small-font-size wp-block-navigation-item wp-block-navigation-link\"><a class=\"wp-block-navigation-item__content\"  href=\"https:\/\/imcasablanca.cl\/?page_id=3376\"><span class=\"wp-block-navigation-item__label\">DIRECCI\u00d3N DE CONTROL<\/span><\/a><\/li><li class=\"has-small-font-size wp-block-navigation-item wp-block-navigation-link\"><a class=\"wp-block-navigation-item__content\"  href=\"https:\/\/imcasablanca.cl\/?page_id=3379\"><span class=\"wp-block-navigation-item__label\">DIRECCI\u00d3N DE ASESOR\u00cdA JUR\u00cdDICA<\/span><\/a><\/li><li class=\"has-small-font-size wp-block-navigation-item wp-block-navigation-link\"><a class=\"wp-block-navigation-item__content\"  href=\"https:\/\/imcasablanca.cl\/?page_id=3382\"><span class=\"wp-block-navigation-item__label\">SECRETAR\u00cdA COMUNAL DE PLANIFICACI\u00d3N<\/span><\/a><\/li><li class=\"has-small-font-size wp-block-navigation-item wp-block-navigation-link\"><a class=\"wp-block-navigation-item__content\"  href=\"https:\/\/imcasablanca.cl\/?page_id=3383\"><span class=\"wp-block-navigation-item__label\">DIDECO<\/span><\/a><\/li><li class=\"has-small-font-size wp-block-navigation-item wp-block-navigation-link\"><a class=\"wp-block-navigation-item__content\"  href=\"https:\/\/imcasablanca.cl\/?page_id=3384\"><span class=\"wp-block-navigation-item__label\">DOM<\/span><\/a><\/li><li class=\"has-small-font-size wp-block-navigation-item wp-block-navigation-link\"><a class=\"wp-block-navigation-item__content\"  href=\"https:\/\/imcasablanca.cl\/?page_id=3385\"><span class=\"wp-block-navigation-item__label\">DIGEMA<\/span><\/a><\/li><li class=\"has-small-font-size wp-block-navigation-item wp-block-navigation-link\"><a class=\"wp-block-navigation-item__content\"  href=\"https:\/\/imcasablanca.cl\/?page_id=3386\"><span class=\"wp-block-navigation-item__label\">DIRECCI\u00d3N DE TR\u00c1NSITO<\/span><\/a><\/li><li class=\"has-small-font-size wp-block-navigation-item wp-block-navigation-link\"><a class=\"wp-block-navigation-item__content\"  href=\"https:\/\/imcasablanca.cl\/?page_id=3387\"><span class=\"wp-block-navigation-item__label\">DIRECCI\u00d3N DE OPERACIONES Y SERVICIOS GENERALES<\/span><\/a><\/li><li class=\"has-small-font-size wp-block-navigation-item wp-block-navigation-link\"><a class=\"wp-block-navigation-item__content\"  href=\"https:\/\/imcasablanca.cl\/?page_id=3388\"><span class=\"wp-block-navigation-item__label\">DIRECCI\u00d3N DE RELACIONES P\u00daBLICA CULTURA Y TURISMO<\/span><\/a><\/li><li class=\"has-small-font-size wp-block-navigation-item wp-block-navigation-link\"><a class=\"wp-block-navigation-item__content\"  href=\"https:\/\/imcasablanca.cl\/?page_id=3389\"><span class=\"wp-block-navigation-item__label\">DIRECCI\u00d3N DE SEGURIDAD P\u00daBLICA<\/span><\/a><\/li><li class=\"has-small-font-size wp-block-navigation-item wp-block-navigation-link\"><a class=\"wp-block-navigation-item__content\"  href=\"https:\/\/imcasablanca.cl\/?page_id=3393\"><span class=\"wp-block-navigation-item__label\">DIRECCI\u00d3N DE EDUCACI\u00d3N MUNICIPAL<\/span><\/a><\/li><li class=\"has-small-font-size wp-block-navigation-item wp-block-navigation-link\"><a class=\"wp-block-navigation-item__content\"  href=\"https:\/\/imcasablanca.cl\/?page_id=3394\"><span class=\"wp-block-navigation-item__label\">DIRECCI\u00d3N DE SALUD MUNICIPAL<\/span><\/a><\/li><\/ul>\n\t\t\t\t\t\t\t<\/div>\n\t\t\t\t\t\t<\/div>\n\t\t\t\t\t<\/div>\n\t\t\t\t<\/div><\/nav><\/div>\n\n\n\n<div class=\"wp-block-column is-layout-flow wp-block-column-is-layout-flow\" style=\"flex-basis:66.66%\">\n<div class=\"wp-block-stackable-image stk-block-image stk-block stk-39edcee\" data-block-id=\"39edcee\"><style>.stk-39edcee {margin-top:-70px !important;}<\/style><figure><span class=\"stk-img-wrapper stk-image--shape-stretch\"><img loading=\"lazy\" decoding=\"async\" class=\"stk-img wp-image-3423\" src=\"https:\/\/imcasablanca.cl\/wp-content\/uploads\/2026\/04\/ORGANIGRAMA-OPERACIONES-2.png\" width=\"1662\" height=\"1860\" srcset=\"https:\/\/imcasablanca.cl\/wp-content\/uploads\/2026\/04\/ORGANIGRAMA-OPERACIONES-2.png 1662w, https:\/\/imcasablanca.cl\/wp-content\/uploads\/2026\/04\/ORGANIGRAMA-OPERACIONES-2-268x300.png 268w, https:\/\/imcasablanca.cl\/wp-content\/uploads\/2026\/04\/ORGANIGRAMA-OPERACIONES-2-915x1024.png 915w, https:\/\/imcasablanca.cl\/wp-content\/uploads\/2026\/04\/ORGANIGRAMA-OPERACIONES-2-768x859.png 768w, https:\/\/imcasablanca.cl\/wp-content\/uploads\/2026\/04\/ORGANIGRAMA-OPERACIONES-2-1372x1536.png 1372w\" sizes=\"auto, (max-width: 1662px) 100vw, 1662px\" \/><\/span><\/figure><\/div>\n<\/div>\n<\/div>\n","protected":false},"excerpt":{"rendered":"","protected":false},"author":1,"featured_media":0,"parent":0,"menu_order":0,"comment_status":"closed","ping_status":"closed","template":"","meta":{"_uag_custom_page_level_css":"","site-sidebar-layout":"default","site-content-layout":"","ast-site-content-layout":"default","site-content-style":"default","site-sidebar-style":"default","ast-global-header-display":"","ast-banner-title-visibility":"","ast-main-header-display":"","ast-hfb-above-header-display":"","ast-hfb-below-header-display":"","ast-hfb-mobile-header-display":"","site-post-title":"","ast-breadcrumbs-content":"","ast-featured-img":"","footer-sml-layout":"","ast-disable-related-posts":"","theme-transparent-header-meta":"","adv-header-id-meta":"","stick-header-meta":"","header-above-stick-meta":"","header-main-stick-meta":"","header-below-stick-meta":"","astra-migrate-meta-layouts":"default","ast-page-background-enabled":"default","ast-page-background-meta":{"desktop":{"background-color":"var(--ast-global-color-4)","background-image":"","background-repeat":"repeat","background-position":"center center","background-size":"auto","background-attachment":"scroll","background-type":"","background-media":"","overlay-type":"","overlay-color":"","overlay-opacity":"","overlay-gradient":""},"tablet":{"background-color":"","background-image":"","background-repeat":"repeat","background-position":"center center","background-size":"auto","background-attachment":"scroll","background-type":"","background-media":"","overlay-type":"","overlay-color":"","overlay-opacity":"","overlay-gradient":""},"mobile":{"background-color":"","background-image":"","background-repeat":"repeat","background-position":"center center","background-size":"auto","background-attachment":"scroll","background-type":"","background-media":"","overlay-type":"","overlay-color":"","overlay-opacity":"","overlay-gradient":""}},"ast-content-background-meta":{"desktop":{"background-color":"var(--ast-global-color-5)","background-image":"","background-repeat":"repeat","background-position":"center center","background-size":"auto","background-attachment":"scroll","background-type":"","background-media":"","overlay-type":"","overlay-color":"","overlay-opacity":"","overlay-gradient":""},"tablet":{"background-color":"var(--ast-global-color-5)","background-image":"","background-repeat":"repeat","background-position":"center center","background-size":"auto","background-attachment":"scroll","background-type":"","background-media":"","overlay-type":"","overlay-color":"","overlay-opacity":"","overlay-gradient":""},"mobile":{"background-color":"var(--ast-global-color-5)","background-image":"","background-repeat":"repeat","background-position":"center center","background-size":"auto","background-attachment":"scroll","background-type":"","background-media":"","overlay-type":"","overlay-color":"","overlay-opacity":"","overlay-gradient":""}},"footnotes":""},"mostrar_en_pagina":[],"class_list":["post-3387","page","type-page","status-publish","hentry"],"uagb_featured_image_src":{"full":false,"thumbnail":false,"medium":false,"medium_large":false,"large":false,"1536x1536":false,"2048x2048":false},"uagb_author_info":{"display_name":"admin-casablanca","author_link":"https:\/\/imcasablanca.cl\/?author=1"},"uagb_comment_info":0,"uagb_excerpt":null,"_links":{"self":[{"href":"https:\/\/imcasablanca.cl\/index.php?rest_route=\/wp\/v2\/pages\/3387","targetHints":{"allow":["GET"]}}],"collection":[{"href":"https:\/\/imcasablanca.cl\/index.php?rest_route=\/wp\/v2\/pages"}],"about":[{"href":"https:\/\/imcasablanca.cl\/index.php?rest_route=\/wp\/v2\/types\/page"}],"author":[{"embeddable":true,"href":"https:\/\/imcasablanca.cl\/index.php?rest_route=\/wp\/v2\/users\/1"}],"replies":[{"embeddable":true,"href":"https:\/\/imcasablanca.cl\/index.php?rest_route=%2Fwp%2Fv2%2Fcomments&post=3387"}],"version-history":[{"count":1,"href":"https:\/\/imcasablanca.cl\/index.php?rest_route=\/wp\/v2\/pages\/3387\/revisions"}],"predecessor-version":[{"id":3425,"href":"https:\/\/imcasablanca.cl\/index.php?rest_route=\/wp\/v2\/pages\/3387\/revisions\/3425"}],"wp:attachment":[{"href":"https:\/\/imcasablanca.cl\/index.php?rest_route=%2Fwp%2Fv2%2Fmedia&parent=3387"}],"wp:term":[{"taxonomy":"mostrar_en_pagina","embeddable":true,"href":"https:\/\/imcasablanca.cl\/index.php?rest_route=%2Fwp%2Fv2%2Fmostrar_en_pagina&post=3387"}],"curies":[{"name":"wp","href":"https:\/\/api.w.org\/{rel}","templated":true}]}}