{"id":60,"date":"2024-04-10T02:36:00","date_gmt":"2024-04-10T02:36:00","guid":{"rendered":"https:\/\/imcasablanca.cl\/?page_id=60"},"modified":"2026-01-28T02:46:53","modified_gmt":"2026-01-28T05:46:53","slug":"reciclaje","status":"publish","type":"page","link":"https:\/\/imcasablanca.cl\/?page_id=60","title":{"rendered":"Reciclaje"},"content":{"rendered":"\n<div class=\"wp-block-cover alignfull patronsvg\" style=\"margin-top:0;margin-bottom:var(--wp--preset--spacing--40);padding-top:var(--wp--preset--spacing--60);padding-bottom:var(--wp--preset--spacing--70);min-height:240px;aspect-ratio:unset;\"><span aria-hidden=\"true\" class=\"wp-block-cover__background has-ast-global-color-7-background-color has-background-dim-100 has-background-dim\"><\/span><img loading=\"lazy\" decoding=\"async\" width=\"1366\" height=\"400\" class=\"wp-block-cover__image-background wp-image-376\" alt=\"\" src=\"https:\/\/imcasablanca.cl\/wp-content\/uploads\/2024\/04\/pattern-1.svg\" data-object-fit=\"cover\"\/><div class=\"wp-block-cover__inner-container is-layout-constrained wp-container-core-cover-is-layout-6fa69d00 wp-block-cover-is-layout-constrained\">\n<div class=\"wp-block-group is-content-justification-left is-layout-constrained wp-container-core-group-is-layout-07915919 wp-block-group-is-layout-constrained\"><h1 style=\"font-style:normal;font-weight:700;text-transform:uppercase;\" class=\"wp-block-post-title has-x-large-font-size\">Reciclaje<\/h1>\n\n\n<p>Los Programas de Reciclaje Municipal reducen los impactos ambientales relacionados con el transporte y la disposici\u00f3n de residuos s\u00f3lidos en rellenos sanitarios. <\/p>\n<\/div>\n<\/div><\/div>\n\n\n\n\n\n<div class=\"wp-block-columns alignwide is-layout-flex wp-container-core-columns-is-layout-28f84493 wp-block-columns-is-layout-flex\">\n<div class=\"wp-block-column is-layout-flow wp-block-column-is-layout-flow\" style=\"flex-basis:33.33%\"><nav class=\"is-vertical wp-block-navigation is-layout-flex wp-container-core-navigation-is-layout-fe9cc265 wp-block-navigation-is-layout-flex\" aria-label=\"Gesti\u00f3n Ambiental\"><ul class=\"wp-block-navigation__container  is-vertical wp-block-navigation\"><li class=\" wp-block-navigation-item wp-block-navigation-link\"><a class=\"wp-block-navigation-item__content\"  href=\"https:\/\/imcasablanca.cl\/?page_id=60\"><span class=\"wp-block-navigation-item__label\">Reciclaje<\/span><\/a><\/li><li class=\" wp-block-navigation-item wp-block-navigation-link\"><a class=\"wp-block-navigation-item__content\"  href=\"https:\/\/imcasablanca.cl\/?page_id=61\"><span class=\"wp-block-navigation-item__label\">\u00c1reas verdes<\/span><\/a><\/li><li class=\" wp-block-navigation-item wp-block-navigation-link\"><a class=\"wp-block-navigation-item__content\"  href=\"https:\/\/imcasablanca.cl\/?page_id=62\"><span class=\"wp-block-navigation-item__label\">Patrimonio natural<\/span><\/a><\/li><li class=\" wp-block-navigation-item wp-block-navigation-link\"><a class=\"wp-block-navigation-item__content\"  href=\"https:\/\/imcasablanca.cl\/?page_id=63\"><span class=\"wp-block-navigation-item__label\">Tenencia responsable<\/span><\/a><\/li><li class=\" wp-block-navigation-item wp-block-navigation-link\"><a class=\"wp-block-navigation-item__content\"  href=\"https:\/\/imcasablanca.cl\/?page_id=64\"><span class=\"wp-block-navigation-item__label\">Proyectos de evaluaci\u00f3n<\/span><\/a><\/li><li class=\" wp-block-navigation-item wp-block-navigation-link\"><a class=\"wp-block-navigation-item__content\"  href=\"https:\/\/imcasablanca.cl\/?page_id=65\"><span class=\"wp-block-navigation-item__label\">Certificaci\u00f3n Scam<\/span><\/a><\/li><\/ul><\/nav><\/div>\n\n\n\n<div class=\"wp-block-column is-layout-flow wp-block-column-is-layout-flow\" style=\"flex-basis:66.66%\">\n<p>En el a\u00f1o 2017 la Ilustre Municipalidad de Casablanca comienza a implementar Programas de Reciclaje en el territorio comunal, y en el a\u00f1o 2018 se construye la Planta Municipal de Segregaci\u00f3n lo que permiti\u00f3 al municipio realizar procesos de separaci\u00f3n de residuos, pretratamiento y acopio de materiales para su posterior valorizaci\u00f3n.<\/p>\n\n\n\n<p>De forma transversal se trabaja en promover la educaci\u00f3n y cultura socioambiental de los habitantes de la comuna a trav\u00e9s de las distintas actividades de difusi\u00f3n y sensibilizaci\u00f3n orientadas a proteger el medio ambiente y mejorar la calidad de vida de las personas. Los Programas de Reciclaje Municipal adem\u00e1s nos permiten disminuir los impactos ambientales significativos asociados al transporte y disposici\u00f3n de residuos s\u00f3lidos domiciliarios en rellenos sanitarios, como es la generaci\u00f3n de vectores sanitarios, malos olores, generaci\u00f3n de lixiviados y la emisi\u00f3n de gases de efecto invernadero, principalmente metano.<\/p>\n\n\n\n<h4 class=\"wp-block-heading\">Contacto<\/h4>\n\n\n\n<p><strong>Tel\u00e9fono:<\/strong> +569 6820 0505<br><br><strong>Correo electr\u00f3nico:<\/strong> <a href=\"mailto:reciclaje@municipalidadcasablanca.cl\">reciclaje@municipalidadcasablanca.cl<\/a><\/p>\n\n\n\n<h3 class=\"wp-block-heading\"><strong>Ubicaci\u00f3n puntos de reciclaje<\/strong><\/h3>\n\n\n\n<figure class=\"wp-block-image\"><a href=\"https:\/\/www.google.com\/maps\/d\/u\/1\/edit?mid=1r7JriDKXLm0yS0fhMw5SYq63kI64hhon&amp;usp=sharing\"><img decoding=\"async\" src=\"https:\/\/imcasablanca.cl\/wp-content\/uploads\/2024\/04\/Mapa_reciclaje.jpg\" alt=\"Mapa reciclaje\"\/><\/a><\/figure>\n\n\n\n<h3 class=\"wp-block-heading\"><strong>Tipos de residuos que se reciclan<\/strong><\/h3>\n\n\n\n<figure class=\"wp-block-image\"><img decoding=\"async\" src=\"https:\/\/imcasablanca.cl\/wp-content\/uploads\/2024\/04\/banners-reciclaje-1-papel.jpg\" alt=\"banners reciclaje 1 papel\"\/><\/figure>\n\n\n\n<figure class=\"wp-block-image\"><a href=\"https:\/\/youtu.be\/x4EtXnNzekE\" target=\"_blank\" rel=\"noreferrer noopener\"><img decoding=\"async\" src=\"https:\/\/imcasablanca.cl\/wp-content\/uploads\/2024\/04\/banners-reciclaje-2-carton.jpg\" alt=\"banners reciclaje 2 carton\"\/><\/a><\/figure>\n\n\n\n<figure class=\"wp-block-image\"><a href=\"https:\/\/youtu.be\/WSw-p0aIDaE\" target=\"_blank\" rel=\"noreferrer noopener\"><img decoding=\"async\" src=\"https:\/\/imcasablanca.cl\/wp-content\/uploads\/2024\/04\/banners-reciclaje-3-pet.jpg\" alt=\"banners reciclaje 3 pet\"\/><\/a><\/figure>\n\n\n\n<figure class=\"wp-block-image\"><a href=\"https:\/\/youtu.be\/EwOcma1gJxA\" target=\"_blank\" rel=\"noreferrer noopener\"><img decoding=\"async\" src=\"https:\/\/imcasablanca.cl\/wp-content\/uploads\/2024\/04\/banners-reciclaje-4-plast.jpg\" alt=\"banners reciclaje 4 plast\"\/><\/a><\/figure>\n\n\n\n<figure class=\"wp-block-image\"><a href=\"https:\/\/youtu.be\/mJOmoKllYGE\" target=\"_blank\" rel=\"noreferrer noopener\"><img decoding=\"async\" src=\"https:\/\/imcasablanca.cl\/wp-content\/uploads\/2024\/04\/banners-reciclaje-5-cartbeb.jpg\" alt=\"banners reciclaje 5 cartbeb\"\/><\/a><\/figure>\n\n\n\n<figure class=\"wp-block-image\"><a href=\"https:\/\/youtu.be\/x-idmcTO6j0\" target=\"_blank\" rel=\"noreferrer noopener\"><img decoding=\"async\" src=\"https:\/\/imcasablanca.cl\/wp-content\/uploads\/2024\/04\/banners-reciclaje-6-latas.jpg\" alt=\"banners reciclaje 6 latas\"\/><\/a><\/figure>\n\n\n\n<figure class=\"wp-block-image\"><img decoding=\"async\" src=\"https:\/\/imcasablanca.cl\/wp-content\/uploads\/2024\/04\/banners-reciclaje-7-vidrio.jpg\" alt=\"banners reciclaje 7 vidrio\"\/><\/figure>\n\n\n\n<figure class=\"wp-block-image\"><a href=\"https:\/\/youtu.be\/dNRqlJ4TuMs\" target=\"_blank\" rel=\"noreferrer noopener\"><img decoding=\"async\" src=\"https:\/\/imcasablanca.cl\/wp-content\/uploads\/2024\/04\/banners-reciclaje-8-aceite.jpg\" alt=\"banners reciclaje 8 aceite\"\/><\/a><\/figure>\n\n\n\n<div style=\"height:20px\" aria-hidden=\"true\" class=\"wp-block-spacer\"><\/div>\n\n\n\n<h2 class=\"wp-block-heading\"><strong>Programas de reciclaje municipal<\/strong><\/h2>\n\n\n\n<div class=\"wp-block-columns is-layout-flex wp-container-core-columns-is-layout-28f84493 wp-block-columns-is-layout-flex\">\n<div class=\"wp-block-column is-layout-flow wp-block-column-is-layout-flow\" style=\"flex-basis:200px\">\n<p class=\"has-text-align-center\"><br><strong>Puntos Verdes<\/strong><\/p>\n<\/div>\n\n\n\n<div class=\"wp-block-column is-layout-flow wp-block-column-is-layout-flow\">\n<p class=\"has-text-align-center\">Consiste en una estaci\u00f3n de cuatro contenedores de colores que responden a la NCh 3322:2013 para la segregaci\u00f3n de cuatro materiales factibles de reciclar: papel y cart\u00f3n (azul); cart\u00f3n para bebida (negro); pl\u00e1sticos (amarillo); y latas de bebida (gris).<\/p>\n<\/div>\n<\/div>\n\n\n\n<div class=\"wp-block-stackable-spacer stk-block-spacer stk--no-padding stk-block stk-6abe4c9 stk-block-background\" data-block-id=\"6abe4c9\"><style>.stk-6abe4c9 {height:7px !important;background-color:var(--ast-global-color-7) !important;border-top-left-radius:50px !important;border-top-right-radius:50px !important;border-bottom-right-radius:50px !important;border-bottom-left-radius:50px !important;overflow:hidden !important;border-style:solid !important;border-color:var(--ast-global-color-7) !important;top:12px !important;}.stk-6abe4c9:before{background-color:var(--ast-global-color-7) !important;}<\/style><\/div>\n\n\n\n<div class=\"wp-block-columns is-layout-flex wp-container-core-columns-is-layout-28f84493 wp-block-columns-is-layout-flex\">\n<div class=\"wp-block-column is-layout-flow wp-block-column-is-layout-flow\" style=\"flex-basis:200px\">\n<p class=\"has-text-align-center\"><br><strong>Limpio y Seco<\/strong><\/p>\n<\/div>\n\n\n\n<div class=\"wp-block-column is-layout-flow wp-block-column-is-layout-flow\">\n<p class=\"has-text-align-center\">Consiste en la recolecci\u00f3n diferenciada de residuos potencialmente reciclables desde viviendas, entregando un saco a cada familia participante para depositar sus residuos reciclables. El saco se repone en cada retiro.<\/p>\n<\/div>\n<\/div>\n\n\n\n<div class=\"wp-block-stackable-spacer stk-block-spacer stk--no-padding stk-block stk-bcbe055 stk-block-background\" data-block-id=\"bcbe055\"><style>.stk-bcbe055 {height:7px !important;background-color:var(--ast-global-color-7) !important;border-top-left-radius:50px !important;border-top-right-radius:50px !important;border-bottom-right-radius:50px !important;border-bottom-left-radius:50px !important;overflow:hidden !important;border-style:solid !important;border-color:var(--ast-global-color-7) !important;top:12px !important;}.stk-bcbe055:before{background-color:var(--ast-global-color-7) !important;}<\/style><\/div>\n\n\n\n<div class=\"wp-block-columns is-layout-flex wp-container-core-columns-is-layout-28f84493 wp-block-columns-is-layout-flex\">\n<div class=\"wp-block-column is-layout-flow wp-block-column-is-layout-flow\" style=\"flex-basis:200px\">\n<p class=\"has-text-align-center\"><br><strong>Establecimientos<\/strong><br><strong>Educacionales<\/strong><\/p>\n<\/div>\n\n\n\n<div class=\"wp-block-column is-layout-flow wp-block-column-is-layout-flow\">\n<p class=\"has-text-align-center\">&nbsp;Las actividades desarrolladas en Establecimientos Educacionales se basan principalmente en la puesta en marcha de programas de segregaci\u00f3n en origen de residuos reciclables asociados a una jornada de educaci\u00f3n ambiental, con el objetivo de fomentar las buenas pr\u00e1cticas a temprana edad y generaci\u00f3n de conciencia socioambiental.<\/p>\n<\/div>\n<\/div>\n\n\n\n<div class=\"wp-block-stackable-spacer stk-block-spacer stk--no-padding stk-block stk-096a964 stk-block-background\" data-block-id=\"096a964\"><style>.stk-096a964 {height:7px !important;background-color:var(--ast-global-color-7) !important;border-top-left-radius:50px !important;border-top-right-radius:50px !important;border-bottom-right-radius:50px !important;border-bottom-left-radius:50px !important;overflow:hidden !important;border-style:solid !important;border-color:var(--ast-global-color-7) !important;top:12px !important;}.stk-096a964:before{background-color:var(--ast-global-color-7) !important;}<\/style><\/div>\n\n\n\n<div class=\"wp-block-columns is-layout-flex wp-container-core-columns-is-layout-28f84493 wp-block-columns-is-layout-flex\">\n<div class=\"wp-block-column is-layout-flow wp-block-column-is-layout-flow\" style=\"flex-basis:200px\">\n<p class=\"has-text-align-center\"><br><strong>Condominios<\/strong><\/p>\n<\/div>\n\n\n\n<div class=\"wp-block-column is-layout-flow wp-block-column-is-layout-flow\">\n<p class=\"has-text-align-center\">&nbsp;El programa de OCF (Organizaciones Comunitarias Funcionales) consisten en la recolecci\u00f3n diferenciada de residuos reciclables de loteos o parcelaciones rurales, en donde se definen las condiciones de disposici\u00f3n en puntos verdes los cuales son autogestionados por cada organizaci\u00f3n.<\/p>\n<\/div>\n<\/div>\n\n\n\n<div class=\"wp-block-stackable-spacer stk-block-spacer stk--no-padding stk-block stk-67ae41e stk-block-background\" data-block-id=\"67ae41e\"><style>.stk-67ae41e {height:7px !important;background-color:var(--ast-global-color-7) !important;border-top-left-radius:50px !important;border-top-right-radius:50px !important;border-bottom-right-radius:50px !important;border-bottom-left-radius:50px !important;overflow:hidden !important;border-style:solid !important;border-color:var(--ast-global-color-7) !important;top:12px !important;}.stk-67ae41e:before{background-color:var(--ast-global-color-7) !important;}<\/style><\/div>\n\n\n\n<div class=\"wp-block-columns is-layout-flex wp-container-core-columns-is-layout-28f84493 wp-block-columns-is-layout-flex\">\n<div class=\"wp-block-column is-layout-flow wp-block-column-is-layout-flow\" style=\"flex-basis:200px\">\n<p class=\"has-text-align-center\"><br><strong>Instituciones P\u00fablicas<\/strong><\/p>\n<\/div>\n\n\n\n<div class=\"wp-block-column is-layout-flow wp-block-column-is-layout-flow\">\n<p class=\"has-text-align-center\">&nbsp;Las instituciones de car\u00e1cter p\u00fablico a cu\u00e1les se le presta servicio de retiro de residuos reciclables son: las dependencias de la Municipalidad, la c\u00e1rcel de Casablanca y Hospital San Jos\u00e9.<\/p>\n<\/div>\n<\/div>\n\n\n\n<div class=\"wp-block-stackable-spacer stk-block-spacer stk--no-padding stk-block stk-b01304c stk-block-background\" data-block-id=\"b01304c\"><style>.stk-b01304c {height:7px !important;background-color:var(--ast-global-color-7) !important;border-top-left-radius:50px !important;border-top-right-radius:50px !important;border-bottom-right-radius:50px !important;border-bottom-left-radius:50px !important;overflow:hidden !important;border-style:solid !important;border-color:var(--ast-global-color-7) !important;top:12px !important;}.stk-b01304c:before{background-color:var(--ast-global-color-7) !important;}<\/style><\/div>\n\n\n\n<div class=\"wp-block-columns is-layout-flex wp-container-core-columns-is-layout-28f84493 wp-block-columns-is-layout-flex\">\n<div class=\"wp-block-column is-layout-flow wp-block-column-is-layout-flow\" style=\"flex-basis:200px\">\n<p class=\"has-text-align-center\"><br><strong>Empresas<\/strong><\/p>\n<\/div>\n\n\n\n<div class=\"wp-block-column is-layout-flow wp-block-column-is-layout-flow\">\n<p class=\"has-text-align-center\">Se considera la gesti\u00f3n y dise\u00f1o de ruta de retiro de residuos reciclables en algunas empresas de la comuna de Casablanca, por lo que mensualmente se define un calendario de retiro, seg\u00fan previo an\u00e1lisis de caudal de residuos generados.<\/p>\n<\/div>\n<\/div>\n\n\n\n<div class=\"wp-block-stackable-spacer stk-block-spacer stk--no-padding stk-block stk-0c8dd18 stk-block-background\" data-block-id=\"0c8dd18\"><style>.stk-0c8dd18 {height:7px !important;background-color:var(--ast-global-color-7) !important;border-top-left-radius:50px !important;border-top-right-radius:50px !important;border-bottom-right-radius:50px !important;border-bottom-left-radius:50px !important;overflow:hidden !important;border-style:solid !important;border-color:var(--ast-global-color-7) !important;top:12px !important;}.stk-0c8dd18:before{background-color:var(--ast-global-color-7) !important;}<\/style><\/div>\n\n\n\n<div class=\"wp-block-columns is-layout-flex wp-container-core-columns-is-layout-28f84493 wp-block-columns-is-layout-flex\">\n<div class=\"wp-block-column is-layout-flow wp-block-column-is-layout-flow\" style=\"flex-basis:200px\">\n<p class=\"has-text-align-center\"><br><strong>Jaulas PET 1 Rurales<\/strong><\/p>\n<\/div>\n\n\n\n<div class=\"wp-block-column is-layout-flow wp-block-column-is-layout-flow\">\n<p class=\"has-text-align-center\">Casablanca cuenta con la instalaci\u00f3n jaulas para la segregaci\u00f3n de botellas PET1 sectores rurales de la comuna, las que tienen una capacidad de 35 a 38 kg y son de administraci\u00f3n municipal.<\/p>\n<\/div>\n<\/div>\n\n\n\n<div class=\"wp-block-stackable-spacer stk-block-spacer stk--no-padding stk-block stk-9b761d1 stk-block-background\" data-block-id=\"9b761d1\"><style>.stk-9b761d1 {height:7px !important;background-color:var(--ast-global-color-7) !important;border-top-left-radius:50px !important;border-top-right-radius:50px !important;border-bottom-right-radius:50px !important;border-bottom-left-radius:50px !important;overflow:hidden !important;border-style:solid !important;border-color:var(--ast-global-color-7) !important;top:12px !important;}.stk-9b761d1:before{background-color:var(--ast-global-color-7) !important;}<\/style><\/div>\n\n\n\n<div class=\"wp-block-columns is-layout-flex wp-container-core-columns-is-layout-28f84493 wp-block-columns-is-layout-flex\">\n<div class=\"wp-block-column is-layout-flow wp-block-column-is-layout-flow\" style=\"flex-basis:200px\">\n<p class=\"has-text-align-center\"><br><strong>Jaulas PET 1 Urbanas<\/strong><\/p>\n<\/div>\n\n\n\n<div class=\"wp-block-column is-layout-flow wp-block-column-is-layout-flow\">\n<p class=\"has-text-align-center\">Las jaulas urbanas para la segregaci\u00f3n de botellas PET1 en el sector urbano, son de administraci\u00f3n de una empresa con la cual la Municipalidad sostiene un convenio de cooperaci\u00f3n.<\/p>\n<\/div>\n<\/div>\n\n\n\n<div class=\"wp-block-stackable-spacer stk-block-spacer stk--no-padding stk-block stk-29035c9 stk-block-background\" data-block-id=\"29035c9\"><style>.stk-29035c9 {height:7px !important;background-color:var(--ast-global-color-7) !important;border-top-left-radius:50px !important;border-top-right-radius:50px !important;border-bottom-right-radius:50px !important;border-bottom-left-radius:50px !important;overflow:hidden !important;border-style:solid !important;border-color:var(--ast-global-color-7) !important;top:12px !important;}.stk-29035c9:before{background-color:var(--ast-global-color-7) !important;}<\/style><\/div>\n\n\n\n<div class=\"wp-block-columns is-layout-flex wp-container-core-columns-is-layout-28f84493 wp-block-columns-is-layout-flex\">\n<div class=\"wp-block-column is-layout-flow wp-block-column-is-layout-flow\" style=\"flex-basis:200px\">\n<p class=\"has-text-align-center\"><br><strong>Campanas de Vidrio<\/strong><br><strong>CRISTORO<\/strong><\/p>\n<\/div>\n\n\n\n<div class=\"wp-block-column is-layout-flow wp-block-column-is-layout-flow\">\n<p class=\"has-text-align-center\">La Municipalidad mantiene un convenio de cooperaci\u00f3n con empresa CRISTORO RECICLAJE, el cual consiste en la instalaci\u00f3n, mantenci\u00f3n y retiro de campanas de vidrio con 500 kg de capacidad.<\/p>\n<\/div>\n<\/div>\n\n\n\n<div class=\"wp-block-stackable-spacer stk-block-spacer stk--no-padding stk-block stk-260aa7b stk-block-background\" data-block-id=\"260aa7b\"><style>.stk-260aa7b {height:7px !important;background-color:var(--ast-global-color-7) !important;border-top-left-radius:50px !important;border-top-right-radius:50px !important;border-bottom-right-radius:50px !important;border-bottom-left-radius:50px !important;overflow:hidden !important;border-style:solid !important;border-color:var(--ast-global-color-7) !important;top:12px !important;}.stk-260aa7b:before{background-color:var(--ast-global-color-7) !important;}<\/style><\/div>\n\n\n\n<div class=\"wp-block-columns is-layout-flex wp-container-core-columns-is-layout-28f84493 wp-block-columns-is-layout-flex\">\n<div class=\"wp-block-column is-layout-flow wp-block-column-is-layout-flow\" style=\"flex-basis:200px\">\n<p class=\"has-text-align-center\"><br><strong>Operativos Vidrio Rural<\/strong><\/p>\n<\/div>\n\n\n\n<div class=\"wp-block-column is-layout-flow wp-block-column-is-layout-flow\">\n<p class=\"has-text-align-center\">Se realizan aproximadamente dos operativos de vidrios al mes en sectores rurales de la comuna. Se coordina con las juntas de vecino y se determinan puntos de acopio, dejando el vidrio en sacos los que posteriormente son retirados en el cami\u00f3n de reciclaje.<\/p>\n<\/div>\n<\/div>\n\n\n\n<div class=\"wp-block-stackable-spacer stk-block-spacer stk--no-padding stk-block stk-6c4cfa3 stk-block-background\" data-block-id=\"6c4cfa3\"><style>.stk-6c4cfa3 {height:7px !important;background-color:var(--ast-global-color-7) !important;border-top-left-radius:50px !important;border-top-right-radius:50px !important;border-bottom-right-radius:50px !important;border-bottom-left-radius:50px !important;overflow:hidden !important;border-style:solid !important;border-color:var(--ast-global-color-7) !important;top:12px !important;}.stk-6c4cfa3:before{background-color:var(--ast-global-color-7) !important;}<\/style><\/div>\n\n\n\n<div class=\"wp-block-columns is-layout-flex wp-container-core-columns-is-layout-28f84493 wp-block-columns-is-layout-flex\">\n<div class=\"wp-block-column is-layout-flow wp-block-column-is-layout-flow\" style=\"flex-basis:200px\">\n<p class=\"has-text-align-center\"><br><strong>Compostaje Domiciliario<\/strong><\/p>\n<\/div>\n\n\n\n<div class=\"wp-block-column is-layout-flow wp-block-column-is-layout-flow\">\n<p class=\"has-text-align-center\">El a\u00f1o 2019 se ejecut\u00f3 el \u201cPrograma Piloto de Compostaje Domiciliario, comuna de Casablanca\u201d el que consideraba la entrega de composteras en sectores rurales de la comuna asociado a cinco visitas de seguimiento.&nbsp;<\/p>\n<\/div>\n<\/div>\n<\/div>\n<\/div>\n\n\n\n<p><\/p>\n","protected":false},"excerpt":{"rendered":"<p>En el a\u00f1o 2017 la Ilustre Municipalidad de Casablanca comienza a implementar Programas de Reciclaje en el territorio comunal, y [&hellip;]<\/p>\n","protected":false},"author":1,"featured_media":0,"parent":59,"menu_order":0,"comment_status":"closed","ping_status":"closed","template":"","meta":{"_uag_custom_page_level_css":"","site-sidebar-layout":"default","site-content-layout":"","ast-site-content-layout":"default","site-content-style":"default","site-sidebar-style":"default","ast-global-header-display":"","ast-banner-title-visibility":"","ast-main-header-display":"","ast-hfb-above-header-display":"","ast-hfb-below-header-display":"","ast-hfb-mobile-header-display":"","site-post-title":"","ast-breadcrumbs-content":"","ast-featured-img":"","footer-sml-layout":"","ast-disable-related-posts":"","theme-transparent-header-meta":"","adv-header-id-meta":"","stick-header-meta":"","header-above-stick-meta":"","header-main-stick-meta":"","header-below-stick-meta":"","astra-migrate-meta-layouts":"default","ast-page-background-enabled":"default","ast-page-background-meta":{"desktop":{"background-color":"var(--ast-global-color-4)","background-image":"","background-repeat":"repeat","background-position":"center center","background-size":"auto","background-attachment":"scroll","background-type":"","background-media":"","overlay-type":"","overlay-color":"","overlay-opacity":"","overlay-gradient":""},"tablet":{"background-color":"","background-image":"","background-repeat":"repeat","background-position":"center center","background-size":"auto","background-attachment":"scroll","background-type":"","background-media":"","overlay-type":"","overlay-color":"","overlay-opacity":"","overlay-gradient":""},"mobile":{"background-color":"","background-image":"","background-repeat":"repeat","background-position":"center center","background-size":"auto","background-attachment":"scroll","background-type":"","background-media":"","overlay-type":"","overlay-color":"","overlay-opacity":"","overlay-gradient":""}},"ast-content-background-meta":{"desktop":{"background-color":"var(--ast-global-color-5)","background-image":"","background-repeat":"repeat","background-position":"center center","background-size":"auto","background-attachment":"scroll","background-type":"","background-media":"","overlay-type":"","overlay-color":"","overlay-opacity":"","overlay-gradient":""},"tablet":{"background-color":"var(--ast-global-color-5)","background-image":"","background-repeat":"repeat","background-position":"center center","background-size":"auto","background-attachment":"scroll","background-type":"","background-media":"","overlay-type":"","overlay-color":"","overlay-opacity":"","overlay-gradient":""},"mobile":{"background-color":"var(--ast-global-color-5)","background-image":"","background-repeat":"repeat","background-position":"center center","background-size":"auto","background-attachment":"scroll","background-type":"","background-media":"","overlay-type":"","overlay-color":"","overlay-opacity":"","overlay-gradient":""}},"footnotes":""},"mostrar_en_pagina":[],"class_list":["post-60","page","type-page","status-publish","hentry"],"uagb_featured_image_src":{"full":false,"thumbnail":false,"medium":false,"medium_large":false,"large":false,"1536x1536":false,"2048x2048":false},"uagb_author_info":{"display_name":"admin-casablanca","author_link":"https:\/\/imcasablanca.cl\/?author=1"},"uagb_comment_info":0,"uagb_excerpt":"En el a\u00f1o 2017 la Ilustre Municipalidad de Casablanca comienza a implementar Programas de Reciclaje en el territorio comunal, y [&hellip;]","_links":{"self":[{"href":"https:\/\/imcasablanca.cl\/index.php?rest_route=\/wp\/v2\/pages\/60","targetHints":{"allow":["GET"]}}],"collection":[{"href":"https:\/\/imcasablanca.cl\/index.php?rest_route=\/wp\/v2\/pages"}],"about":[{"href":"https:\/\/imcasablanca.cl\/index.php?rest_route=\/wp\/v2\/types\/page"}],"author":[{"embeddable":true,"href":"https:\/\/imcasablanca.cl\/index.php?rest_route=\/wp\/v2\/users\/1"}],"replies":[{"embeddable":true,"href":"https:\/\/imcasablanca.cl\/index.php?rest_route=%2Fwp%2Fv2%2Fcomments&post=60"}],"version-history":[{"count":43,"href":"https:\/\/imcasablanca.cl\/index.php?rest_route=\/wp\/v2\/pages\/60\/revisions"}],"predecessor-version":[{"id":2273,"href":"https:\/\/imcasablanca.cl\/index.php?rest_route=\/wp\/v2\/pages\/60\/revisions\/2273"}],"up":[{"embeddable":true,"href":"https:\/\/imcasablanca.cl\/index.php?rest_route=\/wp\/v2\/pages\/59"}],"wp:attachment":[{"href":"https:\/\/imcasablanca.cl\/index.php?rest_route=%2Fwp%2Fv2%2Fmedia&parent=60"}],"wp:term":[{"taxonomy":"mostrar_en_pagina","embeddable":true,"href":"https:\/\/imcasablanca.cl\/index.php?rest_route=%2Fwp%2Fv2%2Fmostrar_en_pagina&post=60"}],"curies":[{"name":"wp","href":"https:\/\/api.w.org\/{rel}","templated":true}]}}