{"id":61,"date":"2024-04-10T02:36:05","date_gmt":"2024-04-10T02:36:05","guid":{"rendered":"https:\/\/imcasablanca.cl\/?page_id=61"},"modified":"2025-03-18T11:58:04","modified_gmt":"2025-03-18T14:58:04","slug":"areas-verdes","status":"publish","type":"page","link":"https:\/\/imcasablanca.cl\/?page_id=61","title":{"rendered":"\u00c1reas verdes"},"content":{"rendered":"\n<div class=\"wp-block-cover alignfull patronsvg\" style=\"margin-top:0;margin-bottom:var(--wp--preset--spacing--40);padding-top:var(--wp--preset--spacing--60);padding-bottom:var(--wp--preset--spacing--70);min-height:240px;aspect-ratio:unset;\"><span aria-hidden=\"true\" class=\"wp-block-cover__background has-ast-global-color-7-background-color has-background-dim-100 has-background-dim\"><\/span><img loading=\"lazy\" decoding=\"async\" width=\"1366\" height=\"400\" class=\"wp-block-cover__image-background wp-image-376\" alt=\"\" src=\"https:\/\/imcasablanca.cl\/wp-content\/uploads\/2024\/04\/pattern-1.svg\" data-object-fit=\"cover\"\/><div class=\"wp-block-cover__inner-container is-layout-constrained wp-container-core-cover-is-layout-6fa69d00 wp-block-cover-is-layout-constrained\">\n<div class=\"wp-block-group is-content-justification-left is-layout-constrained wp-container-core-group-is-layout-07915919 wp-block-group-is-layout-constrained\"><h1 style=\"font-style:normal;font-weight:700;text-transform:uppercase;\" class=\"wp-block-post-title has-x-large-font-size\">\u00c1reas verdes<\/h1>\n\n\n<p>El Departamento de \u00c1reas Verdes, Parques y Jardines se encarga de la planificaci\u00f3n, administraci\u00f3n y control de los procesos de mantenci\u00f3n de \u00e1reas verdes dentro del territorio comunal.<\/p>\n<\/div>\n<\/div><\/div>\n\n\n\n\n\n<div class=\"wp-block-columns alignwide is-layout-flex wp-container-core-columns-is-layout-28f84493 wp-block-columns-is-layout-flex\">\n<div class=\"wp-block-column is-layout-flow wp-block-column-is-layout-flow\" style=\"flex-basis:33.33%\"><nav class=\"is-vertical wp-block-navigation is-layout-flex wp-container-core-navigation-is-layout-fe9cc265 wp-block-navigation-is-layout-flex\" aria-label=\"Gesti\u00f3n Ambiental\"><ul class=\"wp-block-navigation__container  is-vertical wp-block-navigation\"><li class=\" wp-block-navigation-item wp-block-navigation-link\"><a class=\"wp-block-navigation-item__content\"  href=\"https:\/\/imcasablanca.cl\/?page_id=60\"><span class=\"wp-block-navigation-item__label\">Reciclaje<\/span><\/a><\/li><li class=\" wp-block-navigation-item wp-block-navigation-link\"><a class=\"wp-block-navigation-item__content\"  href=\"https:\/\/imcasablanca.cl\/?page_id=61\"><span class=\"wp-block-navigation-item__label\">\u00c1reas verdes<\/span><\/a><\/li><li class=\" wp-block-navigation-item wp-block-navigation-link\"><a class=\"wp-block-navigation-item__content\"  href=\"https:\/\/imcasablanca.cl\/?page_id=62\"><span class=\"wp-block-navigation-item__label\">Patrimonio natural<\/span><\/a><\/li><li class=\" wp-block-navigation-item wp-block-navigation-link\"><a class=\"wp-block-navigation-item__content\"  href=\"https:\/\/imcasablanca.cl\/?page_id=63\"><span class=\"wp-block-navigation-item__label\">Tenencia responsable<\/span><\/a><\/li><li class=\" wp-block-navigation-item wp-block-navigation-link\"><a class=\"wp-block-navigation-item__content\"  href=\"https:\/\/imcasablanca.cl\/?page_id=64\"><span class=\"wp-block-navigation-item__label\">Proyectos de evaluaci\u00f3n<\/span><\/a><\/li><li class=\" wp-block-navigation-item wp-block-navigation-link\"><a class=\"wp-block-navigation-item__content\"  href=\"https:\/\/imcasablanca.cl\/?page_id=65\"><span class=\"wp-block-navigation-item__label\">Certificaci\u00f3n Scam<\/span><\/a><\/li><\/ul><\/nav><\/div>\n\n\n\n<div class=\"wp-block-column is-layout-flow wp-block-column-is-layout-flow\" style=\"flex-basis:66.66%\">\n<p>Nuestra misi\u00f3n es mejorar la calidad de vida de los casablanquinos a trav\u00e9s de espacios p\u00fablicos libres, limpios y seguros; fomentando la preservaci\u00f3n del arbolado urbano, reemplazando individuos a\u00f1osos o que se encuentren en malas condiciones fitosanitarias y mejorar peri\u00f3dicamente las \u00e1reas verdes, plazas y parques.<\/p>\n\n\n\n<p>Nos hacemos presente en los acontecimientos del cambio clim\u00e1tico que ha impactado r\u00e1pidamente a nuestra comuna, afect\u00e1ndonos directamente, con una sequ\u00eda sin precedentes que va en desmedro de nuestra flora y fauna. Los planes de mitigaci\u00f3n se basan en preservar e impulsar el desarrollo de especies nativas y end\u00e9micas, de las cuales tienen la capacidad de poder establecerse en condiciones extremas, dependiendo de los manejos durante la vida del \u00e1rbol. <\/p>\n\n\n\n<p>Ser\u00e1 fundamental considerar las especies de bosque escler\u00f3filo, como tambi\u00e9n especies xerofitas, que logren adaptarse a la estructura del suelo, siendo capaces de tolerar periodos de sequia, los que son plantados en aquellos espacios amplios que favorezcan a los individuos un libre crecimiento apical y radicular.<\/p>\n\n\n\n<h3 class=\"wp-block-heading\">Contacto<\/h3>\n\n\n\n<p><strong>Tel\u00e9fono:<\/strong> +569 58300987<br><br><strong>Correo electr\u00f3nico:<\/strong> <a href=\"mailto:areasverdes@municipalidadcasablanca.cl\">areasverdes@municipalidadcasablanca.cl<\/a><\/p>\n\n\n\n<h2 class=\"wp-block-heading\"><strong>Ubicaci\u00f3n de \u00c1reas Verdes<\/strong><\/h2>\n\n\n\n<figure class=\"wp-block-image\"><a href=\"https:\/\/www.google.com\/maps\/d\/edit?mid=1uU5uqJ1TGn2wrdiEx9Hga6QrQ04CEtWr&amp;usp=sharing\" target=\"_blank\" rel=\"noreferrer noopener\"><img decoding=\"async\" src=\"https:\/\/imcasablanca.cl\/wp-content\/uploads\/2024\/04\/mapa_aavv.jpg\" alt=\"mapa aavv\"\/><\/a><\/figure>\n<\/div>\n<\/div>\n","protected":false},"excerpt":{"rendered":"<p>Nuestra misi\u00f3n es mejorar la calidad de vida de los casablanquinos a trav\u00e9s de espacios p\u00fablicos libres, limpios y seguros; [&hellip;]<\/p>\n","protected":false},"author":1,"featured_media":0,"parent":59,"menu_order":0,"comment_status":"closed","ping_status":"closed","template":"","meta":{"_uag_custom_page_level_css":"","site-sidebar-layout":"default","site-content-layout":"","ast-site-content-layout":"default","site-content-style":"default","site-sidebar-style":"default","ast-global-header-display":"","ast-banner-title-visibility":"","ast-main-header-display":"","ast-hfb-above-header-display":"","ast-hfb-below-header-display":"","ast-hfb-mobile-header-display":"","site-post-title":"","ast-breadcrumbs-content":"","ast-featured-img":"","footer-sml-layout":"","ast-disable-related-posts":"","theme-transparent-header-meta":"","adv-header-id-meta":"","stick-header-meta":"","header-above-stick-meta":"","header-main-stick-meta":"","header-below-stick-meta":"","astra-migrate-meta-layouts":"default","ast-page-background-enabled":"default","ast-page-background-meta":{"desktop":{"background-color":"var(--ast-global-color-4)","background-image":"","background-repeat":"repeat","background-position":"center center","background-size":"auto","background-attachment":"scroll","background-type":"","background-media":"","overlay-type":"","overlay-color":"","overlay-opacity":"","overlay-gradient":""},"tablet":{"background-color":"","background-image":"","background-repeat":"repeat","background-position":"center center","background-size":"auto","background-attachment":"scroll","background-type":"","background-media":"","overlay-type":"","overlay-color":"","overlay-opacity":"","overlay-gradient":""},"mobile":{"background-color":"","background-image":"","background-repeat":"repeat","background-position":"center center","background-size":"auto","background-attachment":"scroll","background-type":"","background-media":"","overlay-type":"","overlay-color":"","overlay-opacity":"","overlay-gradient":""}},"ast-content-background-meta":{"desktop":{"background-color":"var(--ast-global-color-5)","background-image":"","background-repeat":"repeat","background-position":"center center","background-size":"auto","background-attachment":"scroll","background-type":"","background-media":"","overlay-type":"","overlay-color":"","overlay-opacity":"","overlay-gradient":""},"tablet":{"background-color":"var(--ast-global-color-5)","background-image":"","background-repeat":"repeat","background-position":"center center","background-size":"auto","background-attachment":"scroll","background-type":"","background-media":"","overlay-type":"","overlay-color":"","overlay-opacity":"","overlay-gradient":""},"mobile":{"background-color":"var(--ast-global-color-5)","background-image":"","background-repeat":"repeat","background-position":"center center","background-size":"auto","background-attachment":"scroll","background-type":"","background-media":"","overlay-type":"","overlay-color":"","overlay-opacity":"","overlay-gradient":""}},"footnotes":""},"mostrar_en_pagina":[],"class_list":["post-61","page","type-page","status-publish","hentry"],"uagb_featured_image_src":{"full":false,"thumbnail":false,"medium":false,"medium_large":false,"large":false,"1536x1536":false,"2048x2048":false},"uagb_author_info":{"display_name":"admin-casablanca","author_link":"https:\/\/imcasablanca.cl\/?author=1"},"uagb_comment_info":0,"uagb_excerpt":"Nuestra misi\u00f3n es mejorar la calidad de vida de los casablanquinos a trav\u00e9s de espacios p\u00fablicos libres, limpios y seguros; [&hellip;]","_links":{"self":[{"href":"https:\/\/imcasablanca.cl\/index.php?rest_route=\/wp\/v2\/pages\/61","targetHints":{"allow":["GET"]}}],"collection":[{"href":"https:\/\/imcasablanca.cl\/index.php?rest_route=\/wp\/v2\/pages"}],"about":[{"href":"https:\/\/imcasablanca.cl\/index.php?rest_route=\/wp\/v2\/types\/page"}],"author":[{"embeddable":true,"href":"https:\/\/imcasablanca.cl\/index.php?rest_route=\/wp\/v2\/users\/1"}],"replies":[{"embeddable":true,"href":"https:\/\/imcasablanca.cl\/index.php?rest_route=%2Fwp%2Fv2%2Fcomments&post=61"}],"version-history":[{"count":11,"href":"https:\/\/imcasablanca.cl\/index.php?rest_route=\/wp\/v2\/pages\/61\/revisions"}],"predecessor-version":[{"id":2267,"href":"https:\/\/imcasablanca.cl\/index.php?rest_route=\/wp\/v2\/pages\/61\/revisions\/2267"}],"up":[{"embeddable":true,"href":"https:\/\/imcasablanca.cl\/index.php?rest_route=\/wp\/v2\/pages\/59"}],"wp:attachment":[{"href":"https:\/\/imcasablanca.cl\/index.php?rest_route=%2Fwp%2Fv2%2Fmedia&parent=61"}],"wp:term":[{"taxonomy":"mostrar_en_pagina","embeddable":true,"href":"https:\/\/imcasablanca.cl\/index.php?rest_route=%2Fwp%2Fv2%2Fmostrar_en_pagina&post=61"}],"curies":[{"name":"wp","href":"https:\/\/api.w.org\/{rel}","templated":true}]}}