{"id":62,"date":"2024-04-10T02:36:12","date_gmt":"2024-04-10T02:36:12","guid":{"rendered":"https:\/\/imcasablanca.cl\/?page_id=62"},"modified":"2025-03-18T12:10:14","modified_gmt":"2025-03-18T15:10:14","slug":"patrimonio-natural","status":"publish","type":"page","link":"https:\/\/imcasablanca.cl\/?page_id=62","title":{"rendered":"Patrimonio natural"},"content":{"rendered":"\n<div class=\"wp-block-cover alignfull patronsvg\" style=\"margin-top:0;margin-bottom:var(--wp--preset--spacing--40);padding-top:var(--wp--preset--spacing--60);padding-bottom:var(--wp--preset--spacing--70);min-height:240px;aspect-ratio:unset;\"><span aria-hidden=\"true\" class=\"wp-block-cover__background has-ast-global-color-7-background-color has-background-dim-100 has-background-dim\"><\/span><img loading=\"lazy\" decoding=\"async\" width=\"1366\" height=\"400\" class=\"wp-block-cover__image-background wp-image-376\" alt=\"\" src=\"https:\/\/imcasablanca.cl\/wp-content\/uploads\/2024\/04\/pattern-1.svg\" data-object-fit=\"cover\"\/><div class=\"wp-block-cover__inner-container is-layout-constrained wp-container-core-cover-is-layout-6fa69d00 wp-block-cover-is-layout-constrained\">\n<div class=\"wp-block-group is-content-justification-left is-layout-constrained wp-container-core-group-is-layout-07915919 wp-block-group-is-layout-constrained\"><h1 style=\"font-style:normal;font-weight:700;text-transform:uppercase;\" class=\"wp-block-post-title has-x-large-font-size\">Patrimonio natural<\/h1>\n\n\n<p>La comuna de Casablanca cuenta con un robusto listado de hitos patrimoniales de car\u00e1cter natural, debido a que es un territorio rico en biodiversidad representada por formaciones vegetacionales de bosque escler\u00f3filo.<\/p>\n<\/div>\n<\/div><\/div>\n\n\n\n\n\n<div class=\"wp-block-columns alignwide is-layout-flex wp-container-core-columns-is-layout-28f84493 wp-block-columns-is-layout-flex\">\n<div class=\"wp-block-column is-layout-flow wp-block-column-is-layout-flow\" style=\"flex-basis:33.33%\"><nav class=\"is-vertical wp-block-navigation is-layout-flex wp-container-core-navigation-is-layout-fe9cc265 wp-block-navigation-is-layout-flex\" aria-label=\"Gesti\u00f3n Ambiental\"><ul class=\"wp-block-navigation__container  is-vertical wp-block-navigation\"><li class=\" wp-block-navigation-item wp-block-navigation-link\"><a class=\"wp-block-navigation-item__content\"  href=\"https:\/\/imcasablanca.cl\/?page_id=60\"><span class=\"wp-block-navigation-item__label\">Reciclaje<\/span><\/a><\/li><li class=\" wp-block-navigation-item wp-block-navigation-link\"><a class=\"wp-block-navigation-item__content\"  href=\"https:\/\/imcasablanca.cl\/?page_id=61\"><span class=\"wp-block-navigation-item__label\">\u00c1reas verdes<\/span><\/a><\/li><li class=\" wp-block-navigation-item wp-block-navigation-link\"><a class=\"wp-block-navigation-item__content\"  href=\"https:\/\/imcasablanca.cl\/?page_id=62\"><span class=\"wp-block-navigation-item__label\">Patrimonio natural<\/span><\/a><\/li><li class=\" wp-block-navigation-item wp-block-navigation-link\"><a class=\"wp-block-navigation-item__content\"  href=\"https:\/\/imcasablanca.cl\/?page_id=63\"><span class=\"wp-block-navigation-item__label\">Tenencia responsable<\/span><\/a><\/li><li class=\" wp-block-navigation-item wp-block-navigation-link\"><a class=\"wp-block-navigation-item__content\"  href=\"https:\/\/imcasablanca.cl\/?page_id=64\"><span class=\"wp-block-navigation-item__label\">Proyectos de evaluaci\u00f3n<\/span><\/a><\/li><li class=\" wp-block-navigation-item wp-block-navigation-link\"><a class=\"wp-block-navigation-item__content\"  href=\"https:\/\/imcasablanca.cl\/?page_id=65\"><span class=\"wp-block-navigation-item__label\">Certificaci\u00f3n Scam<\/span><\/a><\/li><\/ul><\/nav><\/div>\n\n\n\n<div class=\"wp-block-column is-layout-flow wp-block-column-is-layout-flow\" style=\"flex-basis:66.66%\">\n<p>Seg\u00fan la Convenci\u00f3n sobre la Protecci\u00f3n del Patrimonio Mundial Cultural y Natural de la UNESCO, suscrita el a\u00f1o1972, se considera \u00abpatrimonio natural\u00bb: \u00abLos monumentos naturales constituidos por formaciones f\u00edsicas y biol\u00f3gicas o por grupos de esas formaciones que tengan un valor universal excepcional desde el punto de vista est\u00e9tico o cient\u00edfico, Las formaciones geol\u00f3gicas y fisiogr\u00e1ficas, y las zonas estrictamente delimitadas que constituyan el h\u00e1bitat de especies animal y vegetal amenazadas, que tengan un valor universal excepcional desde el punto de vista est\u00e9tico o cient\u00edfico, los lugares naturales o las zonas naturales estrictamente delimitadas, que tengan un valor universal excepcional desde el punto de vista de la ciencia, de la conservaci\u00f3n o de la belleza natural\u00bb.<\/p>\n\n\n\n<p>La comuna de Casablanca cuenta con un robusto listado de hitos patrimoniales de car\u00e1cter natural, debido a que es un territorio rico en biodiversidad representada por formaciones vegetacionales de bosque escler\u00f3filo. Adem\u00e1s, es zona de amortiguaci\u00f3n de la Reserva de la bi\u00f3sfera La Campana &#8211; Pe\u00f1uelas y forma parte del Corredor Biol\u00f3gico Bosques de Casablanca &#8211; Pe\u00f1uelas &#8211; Quilpu\u00e9.<\/p>\n\n\n\n<h2 class=\"wp-block-heading\"><strong>Hitos de Patrimonio Natural<\/strong><\/h2>\n\n\n\n<figure class=\"wp-block-image\"><a href=\"https:\/\/www.google.com\/maps\/d\/u\/1\/edit?mid=1YMVroAJDgr6r5ss7o7lU-jVJyMWXyQGV&amp;usp=sharing\" target=\"_blank\" rel=\"noreferrer noopener\"><img decoding=\"async\" src=\"https:\/\/imcasablanca.cl\/wp-content\/uploads\/2024\/04\/Mapa_patrimonio.jpg\" alt=\"Mapa patrimonio\"\/><\/a><\/figure>\n\n\n\n<h2 class=\"wp-block-heading\"><strong>Gu\u00eda de Reconocimiento de Biodiversidad de Casablanca<\/strong><\/h2>\n\n\n\n<figure class=\"wp-block-image\"><a href=\"https:\/\/drive.google.com\/file\/d\/1wEpfoTAqIOmedrAxahqb76U8xVWNkIRo\/view?usp=share_link\" target=\"_blank\" rel=\" noreferrer noopener\"><img decoding=\"async\" src=\"https:\/\/imcasablanca.cl\/wp-content\/uploads\/2024\/04\/gua.png\" alt=\"gua\"\/><\/a><\/figure>\n\n\n\n<div style=\"height:13px\" aria-hidden=\"true\" class=\"wp-block-spacer\"><\/div>\n\n\n\n<figure class=\"wp-block-gallery has-nested-images columns-default is-cropped wp-block-gallery-1 is-layout-flex wp-block-gallery-is-layout-flex\">\n<figure class=\"wp-block-image size-large\"><img loading=\"lazy\" decoding=\"async\" width=\"581\" height=\"326\" data-id=\"512\" src=\"https:\/\/imcasablanca.cl\/wp-content\/uploads\/2024\/04\/humedaltunquen2_581_326_90.jpg\" alt=\"\" class=\"wp-image-512\" srcset=\"https:\/\/imcasablanca.cl\/wp-content\/uploads\/2024\/04\/humedaltunquen2_581_326_90.jpg 581w, https:\/\/imcasablanca.cl\/wp-content\/uploads\/2024\/04\/humedaltunquen2_581_326_90-300x168.jpg 300w\" sizes=\"auto, (max-width: 581px) 100vw, 581px\" \/><\/figure>\n\n\n\n<figure class=\"wp-block-image size-large\"><img loading=\"lazy\" decoding=\"async\" width=\"581\" height=\"326\" data-id=\"511\" src=\"https:\/\/imcasablanca.cl\/wp-content\/uploads\/2024\/04\/sanjeronimo2_581_326_90.jpg\" alt=\"\" class=\"wp-image-511\" srcset=\"https:\/\/imcasablanca.cl\/wp-content\/uploads\/2024\/04\/sanjeronimo2_581_326_90.jpg 581w, https:\/\/imcasablanca.cl\/wp-content\/uploads\/2024\/04\/sanjeronimo2_581_326_90-300x168.jpg 300w\" sizes=\"auto, (max-width: 581px) 100vw, 581px\" \/><\/figure>\n\n\n\n<figure class=\"wp-block-image size-large\"><img loading=\"lazy\" decoding=\"async\" width=\"581\" height=\"326\" data-id=\"510\" src=\"https:\/\/imcasablanca.cl\/wp-content\/uploads\/2024\/04\/humedaltunquen_581_326_90.jpg\" alt=\"\" class=\"wp-image-510\" srcset=\"https:\/\/imcasablanca.cl\/wp-content\/uploads\/2024\/04\/humedaltunquen_581_326_90.jpg 581w, https:\/\/imcasablanca.cl\/wp-content\/uploads\/2024\/04\/humedaltunquen_581_326_90-300x168.jpg 300w\" sizes=\"auto, (max-width: 581px) 100vw, 581px\" \/><\/figure>\n\n\n\n<figure class=\"wp-block-image size-large\"><img loading=\"lazy\" decoding=\"async\" width=\"581\" height=\"326\" data-id=\"509\" src=\"https:\/\/imcasablanca.cl\/wp-content\/uploads\/2024\/04\/humedaleljote_581_326_90.jpg\" alt=\"\" class=\"wp-image-509\" srcset=\"https:\/\/imcasablanca.cl\/wp-content\/uploads\/2024\/04\/humedaleljote_581_326_90.jpg 581w, https:\/\/imcasablanca.cl\/wp-content\/uploads\/2024\/04\/humedaleljote_581_326_90-300x168.jpg 300w\" sizes=\"auto, (max-width: 581px) 100vw, 581px\" \/><\/figure>\n<\/figure>\n<\/div>\n<\/div>\n","protected":false},"excerpt":{"rendered":"<p>Seg\u00fan la Convenci\u00f3n sobre la Protecci\u00f3n del Patrimonio Mundial Cultural y Natural de la UNESCO, suscrita el a\u00f1o1972, se considera [&hellip;]<\/p>\n","protected":false},"author":1,"featured_media":0,"parent":59,"menu_order":0,"comment_status":"closed","ping_status":"closed","template":"","meta":{"_uag_custom_page_level_css":"","site-sidebar-layout":"default","site-content-layout":"","ast-site-content-layout":"default","site-content-style":"default","site-sidebar-style":"default","ast-global-header-display":"","ast-banner-title-visibility":"","ast-main-header-display":"","ast-hfb-above-header-display":"","ast-hfb-below-header-display":"","ast-hfb-mobile-header-display":"","site-post-title":"","ast-breadcrumbs-content":"","ast-featured-img":"","footer-sml-layout":"","ast-disable-related-posts":"","theme-transparent-header-meta":"","adv-header-id-meta":"","stick-header-meta":"","header-above-stick-meta":"","header-main-stick-meta":"","header-below-stick-meta":"","astra-migrate-meta-layouts":"default","ast-page-background-enabled":"default","ast-page-background-meta":{"desktop":{"background-color":"var(--ast-global-color-4)","background-image":"","background-repeat":"repeat","background-position":"center center","background-size":"auto","background-attachment":"scroll","background-type":"","background-media":"","overlay-type":"","overlay-color":"","overlay-opacity":"","overlay-gradient":""},"tablet":{"background-color":"","background-image":"","background-repeat":"repeat","background-position":"center center","background-size":"auto","background-attachment":"scroll","background-type":"","background-media":"","overlay-type":"","overlay-color":"","overlay-opacity":"","overlay-gradient":""},"mobile":{"background-color":"","background-image":"","background-repeat":"repeat","background-position":"center center","background-size":"auto","background-attachment":"scroll","background-type":"","background-media":"","overlay-type":"","overlay-color":"","overlay-opacity":"","overlay-gradient":""}},"ast-content-background-meta":{"desktop":{"background-color":"var(--ast-global-color-5)","background-image":"","background-repeat":"repeat","background-position":"center center","background-size":"auto","background-attachment":"scroll","background-type":"","background-media":"","overlay-type":"","overlay-color":"","overlay-opacity":"","overlay-gradient":""},"tablet":{"background-color":"var(--ast-global-color-5)","background-image":"","background-repeat":"repeat","background-position":"center center","background-size":"auto","background-attachment":"scroll","background-type":"","background-media":"","overlay-type":"","overlay-color":"","overlay-opacity":"","overlay-gradient":""},"mobile":{"background-color":"var(--ast-global-color-5)","background-image":"","background-repeat":"repeat","background-position":"center center","background-size":"auto","background-attachment":"scroll","background-type":"","background-media":"","overlay-type":"","overlay-color":"","overlay-opacity":"","overlay-gradient":""}},"footnotes":""},"mostrar_en_pagina":[],"class_list":["post-62","page","type-page","status-publish","hentry"],"uagb_featured_image_src":{"full":false,"thumbnail":false,"medium":false,"medium_large":false,"large":false,"1536x1536":false,"2048x2048":false},"uagb_author_info":{"display_name":"admin-casablanca","author_link":"https:\/\/imcasablanca.cl\/?author=1"},"uagb_comment_info":0,"uagb_excerpt":"Seg\u00fan la Convenci\u00f3n sobre la Protecci\u00f3n del Patrimonio Mundial Cultural y Natural de la UNESCO, suscrita el a\u00f1o1972, se considera [&hellip;]","_links":{"self":[{"href":"https:\/\/imcasablanca.cl\/index.php?rest_route=\/wp\/v2\/pages\/62","targetHints":{"allow":["GET"]}}],"collection":[{"href":"https:\/\/imcasablanca.cl\/index.php?rest_route=\/wp\/v2\/pages"}],"about":[{"href":"https:\/\/imcasablanca.cl\/index.php?rest_route=\/wp\/v2\/types\/page"}],"author":[{"embeddable":true,"href":"https:\/\/imcasablanca.cl\/index.php?rest_route=\/wp\/v2\/users\/1"}],"replies":[{"embeddable":true,"href":"https:\/\/imcasablanca.cl\/index.php?rest_route=%2Fwp%2Fv2%2Fcomments&post=62"}],"version-history":[{"count":18,"href":"https:\/\/imcasablanca.cl\/index.php?rest_route=\/wp\/v2\/pages\/62\/revisions"}],"predecessor-version":[{"id":2236,"href":"https:\/\/imcasablanca.cl\/index.php?rest_route=\/wp\/v2\/pages\/62\/revisions\/2236"}],"up":[{"embeddable":true,"href":"https:\/\/imcasablanca.cl\/index.php?rest_route=\/wp\/v2\/pages\/59"}],"wp:attachment":[{"href":"https:\/\/imcasablanca.cl\/index.php?rest_route=%2Fwp%2Fv2%2Fmedia&parent=62"}],"wp:term":[{"taxonomy":"mostrar_en_pagina","embeddable":true,"href":"https:\/\/imcasablanca.cl\/index.php?rest_route=%2Fwp%2Fv2%2Fmostrar_en_pagina&post=62"}],"curies":[{"name":"wp","href":"https:\/\/api.w.org\/{rel}","templated":true}]}}