{"id":64,"date":"2024-04-10T02:36:26","date_gmt":"2024-04-10T02:36:26","guid":{"rendered":"https:\/\/imcasablanca.cl\/?page_id=64"},"modified":"2025-03-18T12:12:07","modified_gmt":"2025-03-18T15:12:07","slug":"proyectos-de-evaluacion","status":"publish","type":"page","link":"https:\/\/imcasablanca.cl\/?page_id=64","title":{"rendered":"Proyectos de evaluaci\u00f3n"},"content":{"rendered":"\n<div class=\"wp-block-cover alignfull patronsvg\" style=\"margin-top:0;margin-bottom:var(--wp--preset--spacing--40);padding-top:var(--wp--preset--spacing--60);padding-bottom:var(--wp--preset--spacing--70);min-height:240px;aspect-ratio:unset;\"><span aria-hidden=\"true\" class=\"wp-block-cover__background has-ast-global-color-7-background-color has-background-dim-100 has-background-dim\"><\/span><img loading=\"lazy\" decoding=\"async\" width=\"1366\" height=\"400\" class=\"wp-block-cover__image-background wp-image-376\" alt=\"\" src=\"https:\/\/imcasablanca.cl\/wp-content\/uploads\/2024\/04\/pattern-1.svg\" data-object-fit=\"cover\"\/><div class=\"wp-block-cover__inner-container is-layout-constrained wp-container-core-cover-is-layout-6fa69d00 wp-block-cover-is-layout-constrained\">\n<div class=\"wp-block-group is-content-justification-left is-layout-constrained wp-container-core-group-is-layout-07915919 wp-block-group-is-layout-constrained\"><h1 style=\"font-style:normal;font-weight:700;text-transform:uppercase;\" class=\"wp-block-post-title has-x-large-font-size\">Proyectos de evaluaci\u00f3n<\/h1>\n\n\n<p>Sistema de Evaluaci\u00f3n de Impacto Ambiental (<strong>SEIA<\/strong>)<br><\/p>\n<\/div>\n<\/div><\/div>\n\n\n\n\n\n<div class=\"wp-block-columns alignwide is-layout-flex wp-container-core-columns-is-layout-28f84493 wp-block-columns-is-layout-flex\">\n<div class=\"wp-block-column is-layout-flow wp-block-column-is-layout-flow\" style=\"flex-basis:33.33%\"><nav class=\"is-vertical wp-block-navigation is-layout-flex wp-container-core-navigation-is-layout-fe9cc265 wp-block-navigation-is-layout-flex\" aria-label=\"Gesti\u00f3n Ambiental\"><ul class=\"wp-block-navigation__container  is-vertical wp-block-navigation\"><li class=\" wp-block-navigation-item wp-block-navigation-link\"><a class=\"wp-block-navigation-item__content\"  href=\"https:\/\/imcasablanca.cl\/?page_id=60\"><span class=\"wp-block-navigation-item__label\">Reciclaje<\/span><\/a><\/li><li class=\" wp-block-navigation-item wp-block-navigation-link\"><a class=\"wp-block-navigation-item__content\"  href=\"https:\/\/imcasablanca.cl\/?page_id=61\"><span class=\"wp-block-navigation-item__label\">\u00c1reas verdes<\/span><\/a><\/li><li class=\" wp-block-navigation-item wp-block-navigation-link\"><a class=\"wp-block-navigation-item__content\"  href=\"https:\/\/imcasablanca.cl\/?page_id=62\"><span class=\"wp-block-navigation-item__label\">Patrimonio natural<\/span><\/a><\/li><li class=\" wp-block-navigation-item wp-block-navigation-link\"><a class=\"wp-block-navigation-item__content\"  href=\"https:\/\/imcasablanca.cl\/?page_id=63\"><span class=\"wp-block-navigation-item__label\">Tenencia responsable<\/span><\/a><\/li><li class=\" wp-block-navigation-item wp-block-navigation-link\"><a class=\"wp-block-navigation-item__content\"  href=\"https:\/\/imcasablanca.cl\/?page_id=64\"><span class=\"wp-block-navigation-item__label\">Proyectos de evaluaci\u00f3n<\/span><\/a><\/li><li class=\" wp-block-navigation-item wp-block-navigation-link\"><a class=\"wp-block-navigation-item__content\"  href=\"https:\/\/imcasablanca.cl\/?page_id=65\"><span class=\"wp-block-navigation-item__label\">Certificaci\u00f3n Scam<\/span><\/a><\/li><\/ul><\/nav><\/div>\n\n\n\n<div class=\"wp-block-column is-layout-flow wp-block-column-is-layout-flow\" style=\"flex-basis:66.66%\">\n<h2 class=\"wp-block-heading\"><strong>Sistema de Evaluaci\u00f3n de Impacto Ambiental<\/strong><\/h2>\n\n\n\n<p>El SEIA (Sistema de Evaluaci\u00f3n de Impacto Ambiental) es un instrumento de gesti\u00f3n ambiental de car\u00e1cter preventivo que permite a los Organismos de Administraci\u00f3n del Estado con Competencia Ambiental determinar antes de la ejecuci\u00f3n de un proyecto si \u00e9ste:<\/p>\n\n\n\n<ul class=\"wp-block-list\">\n<li>Cumple con la legislaci\u00f3n ambiental vigente<\/li>\n\n\n\n<li>Se hace cargo de los potenciales impactos ambientales significativos.<\/li>\n<\/ul>\n\n\n\n<p>El proceso de evaluaci\u00f3n culmina con una resoluci\u00f3n que califica ambientalmente el proyecto evaluado, aprob\u00e1ndolo o rechaz\u00e1ndolo la Resoluci\u00f3n de Calificaci\u00f3n Ambiental (RCA).<\/p>\n\n\n\n<p>La Ilustre Municipalidad de Casablanca es un \u00d3rgano de Administraci\u00f3n del Estado con Competencia Ambiental que participa del proceso de evaluaci\u00f3n, realizando un an\u00e1lisis de compatibilidad territorial seg\u00fan sus instrumentos de planificaci\u00f3n: Plan Regulador Comunal (PRC) y Plan de Desarrollo Comunal (PLADECO).<\/p>\n\n\n\n<h3 class=\"wp-block-heading\">Reglamento del Sistema de Evaluaci\u00f3n de Impacto Ambiental:<\/h3>\n\n\n\n<figure class=\"wp-block-image\"><a href=\"https:\/\/www.bcn.cl\/leychile\/navegar?idNorma=1053563&amp;idParte=9369810\" target=\"_blank\" rel=\" noreferrer noopener\"><img decoding=\"async\" src=\"https:\/\/imcasablanca.cl\/wp-content\/uploads\/2024\/04\/seia.png\" alt=\"seia\"\/><\/a><\/figure>\n\n\n\n<h3 class=\"wp-block-heading\"><strong>Proyectos evaluados ambientalmente en el territorio nacional<\/strong><\/h3>\n\n\n\n<p>Para conocer todos los proyectos que se han sometido al Sistema de Evaluaci\u00f3n de Impacto Ambiental dentro del territorio comunal haga&nbsp;<a href=\"https:\/\/seia.sea.gob.cl\/reportes\/publico\/rpt_proyectos_comunasAction.php?comuna=1136&amp;presentacion=AMBOS&amp;sector=\" target=\"_blank\" rel=\"noreferrer noopener nofollow\">click aqu\u00ed<\/a>.<\/p>\n\n\n\n<h3 class=\"wp-block-heading\"><strong>Proyectos actualmente en evaluaci\u00f3n<\/strong><\/h3>\n\n\n\n<p>Declaraci\u00f3n de impacto ambiental<br><a href=\"https:\/\/infofirma.sea.gob.cl\/DocumentosSEA\/MostrarDocumento?docId=50\/12\/b2218869921ca26fc7e79a3f15dbfdc1cf98\" target=\"_blank\" rel=\"noreferrer noopener nofollow\">PMGD \\\u00bbSol de Valle Hermoso\u00bb\\<\/a><\/p>\n\n\n\n<p>Estudio de impacto ambiental<br><a href=\"https:\/\/infofirma.sea.gob.cl\/DocumentosSEA\/MostrarDocumento?docId=13\/24\/09bf96cd48597b7336a2d9b4d21d5baa2a2e\" target=\"_blank\" rel=\"noreferrer noopener nofollow\">\u00abParque E\u00f3lico Cerro Piedra\u00bb<\/a><\/p>\n\n\n\n<p>Estudio de impacto ambiental<br><a href=\"https:\/\/infofirma.sea.gob.cl\/DocumentosSEA\/MostrarDocumento?docId=3b\/e0\/13c07e6146427217f4f252a88956e0b994e8\" target=\"_blank\" rel=\"noreferrer noopener nofollow\">\u00abNueva L\u00ednea 2&#215;220 Nueva Alto Melipilla &#8211; Nueva Casablanca &#8211; La P\u00f3lvora &#8211; Agua Santa\u00bb<\/a><\/p>\n<\/div>\n<\/div>\n","protected":false},"excerpt":{"rendered":"<p>Sistema de Evaluaci\u00f3n de Impacto Ambiental El SEIA (Sistema de Evaluaci\u00f3n de Impacto Ambiental) es un instrumento de gesti\u00f3n ambiental [&hellip;]<\/p>\n","protected":false},"author":1,"featured_media":0,"parent":59,"menu_order":0,"comment_status":"closed","ping_status":"closed","template":"","meta":{"_uag_custom_page_level_css":"","site-sidebar-layout":"default","site-content-layout":"","ast-site-content-layout":"default","site-content-style":"default","site-sidebar-style":"default","ast-global-header-display":"","ast-banner-title-visibility":"","ast-main-header-display":"","ast-hfb-above-header-display":"","ast-hfb-below-header-display":"","ast-hfb-mobile-header-display":"","site-post-title":"","ast-breadcrumbs-content":"","ast-featured-img":"","footer-sml-layout":"","ast-disable-related-posts":"","theme-transparent-header-meta":"","adv-header-id-meta":"","stick-header-meta":"","header-above-stick-meta":"","header-main-stick-meta":"","header-below-stick-meta":"","astra-migrate-meta-layouts":"default","ast-page-background-enabled":"default","ast-page-background-meta":{"desktop":{"background-color":"var(--ast-global-color-4)","background-image":"","background-repeat":"repeat","background-position":"center center","background-size":"auto","background-attachment":"scroll","background-type":"","background-media":"","overlay-type":"","overlay-color":"","overlay-opacity":"","overlay-gradient":""},"tablet":{"background-color":"","background-image":"","background-repeat":"repeat","background-position":"center center","background-size":"auto","background-attachment":"scroll","background-type":"","background-media":"","overlay-type":"","overlay-color":"","overlay-opacity":"","overlay-gradient":""},"mobile":{"background-color":"","background-image":"","background-repeat":"repeat","background-position":"center center","background-size":"auto","background-attachment":"scroll","background-type":"","background-media":"","overlay-type":"","overlay-color":"","overlay-opacity":"","overlay-gradient":""}},"ast-content-background-meta":{"desktop":{"background-color":"var(--ast-global-color-5)","background-image":"","background-repeat":"repeat","background-position":"center center","background-size":"auto","background-attachment":"scroll","background-type":"","background-media":"","overlay-type":"","overlay-color":"","overlay-opacity":"","overlay-gradient":""},"tablet":{"background-color":"var(--ast-global-color-5)","background-image":"","background-repeat":"repeat","background-position":"center center","background-size":"auto","background-attachment":"scroll","background-type":"","background-media":"","overlay-type":"","overlay-color":"","overlay-opacity":"","overlay-gradient":""},"mobile":{"background-color":"var(--ast-global-color-5)","background-image":"","background-repeat":"repeat","background-position":"center center","background-size":"auto","background-attachment":"scroll","background-type":"","background-media":"","overlay-type":"","overlay-color":"","overlay-opacity":"","overlay-gradient":""}},"footnotes":""},"mostrar_en_pagina":[],"class_list":["post-64","page","type-page","status-publish","hentry"],"uagb_featured_image_src":{"full":false,"thumbnail":false,"medium":false,"medium_large":false,"large":false,"1536x1536":false,"2048x2048":false},"uagb_author_info":{"display_name":"admin-casablanca","author_link":"https:\/\/imcasablanca.cl\/?author=1"},"uagb_comment_info":0,"uagb_excerpt":"Sistema de Evaluaci\u00f3n de Impacto Ambiental El SEIA (Sistema de Evaluaci\u00f3n de Impacto Ambiental) es un instrumento de gesti\u00f3n ambiental [&hellip;]","_links":{"self":[{"href":"https:\/\/imcasablanca.cl\/index.php?rest_route=\/wp\/v2\/pages\/64","targetHints":{"allow":["GET"]}}],"collection":[{"href":"https:\/\/imcasablanca.cl\/index.php?rest_route=\/wp\/v2\/pages"}],"about":[{"href":"https:\/\/imcasablanca.cl\/index.php?rest_route=\/wp\/v2\/types\/page"}],"author":[{"embeddable":true,"href":"https:\/\/imcasablanca.cl\/index.php?rest_route=\/wp\/v2\/users\/1"}],"replies":[{"embeddable":true,"href":"https:\/\/imcasablanca.cl\/index.php?rest_route=%2Fwp%2Fv2%2Fcomments&post=64"}],"version-history":[{"count":17,"href":"https:\/\/imcasablanca.cl\/index.php?rest_route=\/wp\/v2\/pages\/64\/revisions"}],"predecessor-version":[{"id":2271,"href":"https:\/\/imcasablanca.cl\/index.php?rest_route=\/wp\/v2\/pages\/64\/revisions\/2271"}],"up":[{"embeddable":true,"href":"https:\/\/imcasablanca.cl\/index.php?rest_route=\/wp\/v2\/pages\/59"}],"wp:attachment":[{"href":"https:\/\/imcasablanca.cl\/index.php?rest_route=%2Fwp%2Fv2%2Fmedia&parent=64"}],"wp:term":[{"taxonomy":"mostrar_en_pagina","embeddable":true,"href":"https:\/\/imcasablanca.cl\/index.php?rest_route=%2Fwp%2Fv2%2Fmostrar_en_pagina&post=64"}],"curies":[{"name":"wp","href":"https:\/\/api.w.org\/{rel}","templated":true}]}}