{"id":65,"date":"2024-04-10T02:36:34","date_gmt":"2024-04-10T02:36:34","guid":{"rendered":"https:\/\/imcasablanca.cl\/?page_id=65"},"modified":"2026-04-22T16:43:19","modified_gmt":"2026-04-22T20:43:19","slug":"certificacion-scam","status":"publish","type":"page","link":"https:\/\/imcasablanca.cl\/?page_id=65","title":{"rendered":"Certificaci\u00f3n Scam"},"content":{"rendered":"\n<div class=\"wp-block-cover alignfull patronsvg\" style=\"margin-top:0;margin-bottom:var(--wp--preset--spacing--40);padding-top:var(--wp--preset--spacing--60);padding-bottom:var(--wp--preset--spacing--70);min-height:240px;aspect-ratio:unset;\"><img loading=\"lazy\" decoding=\"async\" width=\"1366\" height=\"400\" class=\"wp-block-cover__image-background wp-image-376\" alt=\"\" src=\"https:\/\/imcasablanca.cl\/wp-content\/uploads\/2024\/04\/pattern-1.svg\" data-object-fit=\"cover\"\/><span aria-hidden=\"true\" class=\"wp-block-cover__background has-ast-global-color-7-background-color has-background-dim-100 has-background-dim\"><\/span><div class=\"wp-block-cover__inner-container is-layout-constrained wp-container-core-cover-is-layout-6fa69d00 wp-block-cover-is-layout-constrained\">\n<div class=\"wp-block-group is-content-justification-left is-layout-constrained wp-container-core-group-is-layout-07915919 wp-block-group-is-layout-constrained\"><h1 style=\"font-style:normal;font-weight:700;text-transform:uppercase;\" class=\"wp-block-post-title has-x-large-font-size\">Certificaci\u00f3n Scam<\/h1>\n\n\n<p>Los municipios que participan en el programa desarrollan una&nbsp;Estrategia Ambiental Comunal, la cual permite abordar de manera sistem\u00e1tica los principales conflictos o situaciones ambientales.<\/p>\n<\/div>\n<\/div><\/div>\n\n\n\n\n\n<div class=\"wp-block-columns alignwide is-layout-flex wp-container-core-columns-is-layout-28f84493 wp-block-columns-is-layout-flex\">\n<div class=\"wp-block-column is-layout-flow wp-block-column-is-layout-flow\" style=\"flex-basis:33.33%\"><nav class=\"is-vertical wp-block-navigation is-layout-flex wp-container-core-navigation-is-layout-fe9cc265 wp-block-navigation-is-layout-flex\" aria-label=\"Gesti\u00f3n Ambiental\"><ul class=\"wp-block-navigation__container  is-vertical wp-block-navigation\"><li class=\" wp-block-navigation-item wp-block-navigation-link\"><a class=\"wp-block-navigation-item__content\"  href=\"https:\/\/imcasablanca.cl\/?page_id=60\"><span class=\"wp-block-navigation-item__label\">Reciclaje<\/span><\/a><\/li><li class=\" wp-block-navigation-item wp-block-navigation-link\"><a class=\"wp-block-navigation-item__content\"  href=\"https:\/\/imcasablanca.cl\/?page_id=61\"><span class=\"wp-block-navigation-item__label\">\u00c1reas verdes<\/span><\/a><\/li><li class=\" wp-block-navigation-item wp-block-navigation-link\"><a class=\"wp-block-navigation-item__content\"  href=\"https:\/\/imcasablanca.cl\/?page_id=62\"><span class=\"wp-block-navigation-item__label\">Patrimonio natural<\/span><\/a><\/li><li class=\" wp-block-navigation-item wp-block-navigation-link\"><a class=\"wp-block-navigation-item__content\"  href=\"https:\/\/imcasablanca.cl\/?page_id=63\"><span class=\"wp-block-navigation-item__label\">Tenencia responsable<\/span><\/a><\/li><li class=\" wp-block-navigation-item wp-block-navigation-link\"><a class=\"wp-block-navigation-item__content\"  href=\"https:\/\/imcasablanca.cl\/?page_id=64\"><span class=\"wp-block-navigation-item__label\">Proyectos de evaluaci\u00f3n<\/span><\/a><\/li><li class=\" wp-block-navigation-item wp-block-navigation-link\"><a class=\"wp-block-navigation-item__content\"  href=\"https:\/\/imcasablanca.cl\/?page_id=65\"><span class=\"wp-block-navigation-item__label\">Certificaci\u00f3n Scam<\/span><\/a><\/li><\/ul><\/nav><\/div>\n\n\n\n<div class=\"wp-block-column is-layout-flow wp-block-column-is-layout-flow\" style=\"flex-basis:66.66%\">\n<h2 class=\"wp-block-heading\"><strong>Sistema de Certificaci\u00f3n Ambiental Municipal<\/strong><\/h2>\n\n\n\n<p>El <strong>Sistema de Certificaci\u00f3n Ambiental Municipal<\/strong> (SCAM) es un sistema integral de car\u00e1cter voluntario, que permite a los municipios instalarse en el territorio como un modelo de gesti\u00f3n ambiental, donde la org\u00e1nica, la infraestructura, el personal, los procedimientos internos y los servicios que presta el municipio a la comunidad, integran el factor ambiental, seg\u00fan est\u00e1ndares internacionales como ISO 14.001 y EMAS (Reglamento Comunitario de Ecogesti\u00f3n y Ecoauditor\u00eda).<\/p>\n\n\n\n<p>El SCAM considera la participaci\u00f3n ciudadana a trav\u00e9s de la constituci\u00f3n de los&nbsp;<strong>Comit\u00e9s Ambientales Comunales<\/strong>, los que actualmente cuentan con m\u00e1s de&nbsp;1.400 miembros&nbsp;en todas las regiones del pa\u00eds.<\/p>\n\n\n\n<p>El programa incluye dentro de sus l\u00edneas de trabajo:<\/p>\n\n\n\n<ul class=\"wp-block-list\">\n<li>Reciclaje, ahorro energ\u00e9tico e h\u00eddrico en oficinas municipales<\/li>\n\n\n\n<li>Capacitaci\u00f3n a todas y todos los funcionarios en diversas tem\u00e1ticas ambientales<\/li>\n\n\n\n<li>Desarrollo de instrumentos que fomenten la participaci\u00f3n de las vecinas y vecinos en la gesti\u00f3n ambiental comunal<\/li>\n\n\n\n<li>Implementaci\u00f3n de l\u00edneas de trabajo que la misma comunidad prioriza.<\/li>\n<\/ul>\n\n\n\n<h3 class=\"wp-block-heading\"><strong>Certificaci\u00f3n Ambiental Municipal &#8211; Nivel B\u00e1sico<\/strong><\/h3>\n\n\n\n<p>El 18 de febrero del 2021 la SEREMI de Medio Ambiente de la Regi\u00f3n de Valpara\u00edso, hizo entrega de la Certificaci\u00f3n Ambiental Municipal a la I. Municipalidad de Casablanca, obteniendo la certificaci\u00f3n Nivel B\u00e1sica, por el desarrollo de cinco productos:<\/p>\n\n\n\n<ul class=\"wp-block-list\">\n<li>Diagn\u00f3stico Ambiental&nbsp;<\/li>\n\n\n\n<li>Comit\u00e9 Ambiental Municipal&nbsp;<\/li>\n\n\n\n<li>Comit\u00e9 Ambiental Comunal&nbsp;<\/li>\n\n\n\n<li>Estrategia Ambiental Comunal&nbsp;<\/li>\n\n\n\n<li>Compromisos Ambientales Municipales<\/li>\n<\/ul>\n\n\n\n<p>Para revisar el&nbsp;<strong>Expediente SCAM Nivel B\u00e1sico<\/strong>&nbsp;de Casablanca haga&nbsp;<a href=\"https:\/\/drive.google.com\/drive\/folders\/1Q07S3_S0HXkVWHmFwz40l3bjjdjMvJH1?usp=sharing\" target=\"_blank\" rel=\"noreferrer noopener nofollow\">click aqu\u00ed<\/a>.<\/p>\n\n\n\n<figure class=\"wp-block-image wp-duotone-unset-1\"><img decoding=\"async\" src=\"https:\/\/imcasablanca.cl\/wp-content\/uploads\/2024\/04\/Presentacin1.png\" alt=\"Presentacin1\"\/><\/figure>\n\n\n\n<h3 class=\"wp-block-heading\"><strong>Certificaci\u00f3n Ambiental Municipal &#8211; Nivel Intermedio&nbsp;<\/strong><\/h3>\n\n\n\n<p>Seg\u00fan lo establecido en la Resoluci\u00f3n Exenta N\u00b0686 con fecha 8 de julio del 2021 del Ministerio de Medio Ambiente, la cual \u201cAprueba Convenio de Cooperaci\u00f3n con transferencia de recursos para Sistema de Certificaci\u00f3n Ambiental Municipal con la I. Municipalidad de Casablanca \u2013 Nivel de Certificaci\u00f3n Intermedia\u201d, el municipio se encuentra desarrollando el nivel intermedio de certificaci\u00f3n. Tiene como obejetivo desarrollar los compromisos y las exigencias suscritas por el municipio en el nivel B\u00e1sico. Puedes revisar las actividades del nivel intermedio y conformaci\u00f3n de los comit\u00e9 en los siguientes enlaces:<\/p>\n\n\n\n<ul class=\"wp-block-list\">\n<li><a href=\"https:\/\/drive.google.com\/file\/d\/1T_qdEiRj1ysW9eIMGQUBxdsM-boZSPwT\/view?usp=share_link\" target=\"_blank\" rel=\"noreferrer noopener nofollow\">Cronograma de actividades nivel intermedio&nbsp;<\/a><\/li>\n\n\n\n<li><a href=\"https:\/\/drive.google.com\/file\/d\/1YyMnhgg3WaAK7x1jMgHbDIfH4QFAk6Wz\/view?usp=share_link\" target=\"_blank\" rel=\"noreferrer noopener nofollow\">Conformaci\u00f3n del Comit\u00e9 Ambiental Municipal&nbsp;<\/a><\/li>\n\n\n\n<li><a href=\"https:\/\/drive.google.com\/file\/d\/1fiPCTvduVnTphZNmUyJX3K-3F8AFVlI5\/view?usp=share_link\" target=\"_blank\" rel=\"noreferrer noopener nofollow\">Conformaci\u00f3n del Comit\u00e9 Ambiental Comunal&nbsp;<\/a><\/li>\n\n\n\n<li><a href=\"https:\/\/drive.google.com\/drive\/folders\/1Icwc8ESx0r4_qDBtijiYUb7xHPnGKTVU?usp=share_link\" target=\"_blank\" rel=\"noreferrer noopener nofollow\">Instrumentos de Planificaci\u00f3n&nbsp;<\/a><\/li>\n<\/ul>\n\n\n\n<p class=\"has-medium-font-size\"><strong>Certificaci\u00f3n Ambiental Municipal &#8211; Nivel Avanzado<\/strong><\/p>\n\n\n\n<p>Seg\u00fan lo establecido en la Resoluci\u00f3n Exenta N\u00b013 con fecha 8 de enero del 2024 del Ministerio de Medio Ambiente, la cual \u201cAprueba Convenio de Cooperaci\u00f3n sin transferencia de recursos para Sistema de Certificaci\u00f3n Ambiental Municipal con la I. Municipalidad de Casablanca \u2013 Nivel de Certificaci\u00f3n Excelencia\u201d. Tiene como objetivo desarrollar los compromisos y las exigencias suscritas por el municipio en los niveles anteriores.<\/p>\n\n\n\n<ul class=\"wp-block-list\">\n<li><a href=\"https:\/\/municipalidadcasablanca.cl\/index.php?option=com_phocadownload&amp;view=category&amp;download=127:cronograma-nivel-avanzado&amp;id=28:digema&amp;Itemid=372\" target=\"_blank\" rel=\"noreferrer noopener\">Cronograma Nivel Avanzado<\/a><\/li>\n\n\n\n<li><a href=\"https:\/\/municipalidadcasablanca.cl\/index.php?option=com_phocadownload&amp;view=category&amp;download=128:vigencia-y-directorio-comite-ambiental-comunal&amp;id=28:digema&amp;Itemid=372\" target=\"_blank\" rel=\"noreferrer noopener\">Vigencia y Directorio Comit\u00e9 Ambiental<\/a><\/li>\n<\/ul>\n\n\n\n<h3 class=\"wp-block-heading\"><strong>Estrategia Ambiental Comunal&nbsp;<\/strong><\/h3>\n\n\n\n<p>La estrategia ambiental comunal es un instrumento de planificaci\u00f3n que busca mejorar la gesti\u00f3n ambiental local, basado en criterios de sustentabilidad y eficiencia para un desarrollo arm\u00f3nico de los recursos, del territorio y de la poblaci\u00f3n comunal.<\/p>\n\n\n\n<p>La formulaci\u00f3n de una estrategia ambiental comunal permite construir un camino sistem\u00e1tico, met\u00f3dico y eficaz para generar condiciones que fomenten la mantenci\u00f3n de un entorno comunal que es motivo de preservaci\u00f3n o, en su defecto, realizar los cambios necesarios que permitan hacer sostenible el sistema ambiental comunal.<\/p>\n\n\n\n<p>Para conocer la&nbsp;<strong>Estrategia Ambiental Comunal de Casablanca<\/strong>&nbsp;y sus avances haga <a href=\"https:\/\/drive.google.com\/file\/d\/1yR4wKKEESngplBGTKGG1UZD-mteVbXwy\/view?usp=sharing\" target=\"_blank\" rel=\"noreferrer noopener nofollow\"> click aqu\u00ed<\/a>.&nbsp;<\/p>\n<\/div>\n<\/div>\n","protected":false},"excerpt":{"rendered":"<p>Sistema de Certificaci\u00f3n Ambiental Municipal El Sistema de Certificaci\u00f3n Ambiental Municipal (SCAM) es un sistema integral de car\u00e1cter voluntario, que [&hellip;]<\/p>\n","protected":false},"author":1,"featured_media":0,"parent":59,"menu_order":0,"comment_status":"closed","ping_status":"closed","template":"","meta":{"_uag_custom_page_level_css":"","site-sidebar-layout":"default","site-content-layout":"","ast-site-content-layout":"default","site-content-style":"default","site-sidebar-style":"default","ast-global-header-display":"","ast-banner-title-visibility":"","ast-main-header-display":"","ast-hfb-above-header-display":"","ast-hfb-below-header-display":"","ast-hfb-mobile-header-display":"","site-post-title":"","ast-breadcrumbs-content":"","ast-featured-img":"","footer-sml-layout":"","ast-disable-related-posts":"","theme-transparent-header-meta":"","adv-header-id-meta":"","stick-header-meta":"","header-above-stick-meta":"","header-main-stick-meta":"","header-below-stick-meta":"","astra-migrate-meta-layouts":"default","ast-page-background-enabled":"default","ast-page-background-meta":{"desktop":{"background-color":"var(--ast-global-color-4)","background-image":"","background-repeat":"repeat","background-position":"center center","background-size":"auto","background-attachment":"scroll","background-type":"","background-media":"","overlay-type":"","overlay-color":"","overlay-opacity":"","overlay-gradient":""},"tablet":{"background-color":"","background-image":"","background-repeat":"repeat","background-position":"center center","background-size":"auto","background-attachment":"scroll","background-type":"","background-media":"","overlay-type":"","overlay-color":"","overlay-opacity":"","overlay-gradient":""},"mobile":{"background-color":"","background-image":"","background-repeat":"repeat","background-position":"center center","background-size":"auto","background-attachment":"scroll","background-type":"","background-media":"","overlay-type":"","overlay-color":"","overlay-opacity":"","overlay-gradient":""}},"ast-content-background-meta":{"desktop":{"background-color":"var(--ast-global-color-5)","background-image":"","background-repeat":"repeat","background-position":"center center","background-size":"auto","background-attachment":"scroll","background-type":"","background-media":"","overlay-type":"","overlay-color":"","overlay-opacity":"","overlay-gradient":""},"tablet":{"background-color":"var(--ast-global-color-5)","background-image":"","background-repeat":"repeat","background-position":"center center","background-size":"auto","background-attachment":"scroll","background-type":"","background-media":"","overlay-type":"","overlay-color":"","overlay-opacity":"","overlay-gradient":""},"mobile":{"background-color":"var(--ast-global-color-5)","background-image":"","background-repeat":"repeat","background-position":"center center","background-size":"auto","background-attachment":"scroll","background-type":"","background-media":"","overlay-type":"","overlay-color":"","overlay-opacity":"","overlay-gradient":""}},"footnotes":""},"mostrar_en_pagina":[],"class_list":["post-65","page","type-page","status-publish","hentry"],"uagb_featured_image_src":{"full":false,"thumbnail":false,"medium":false,"medium_large":false,"large":false,"1536x1536":false,"2048x2048":false},"uagb_author_info":{"display_name":"admin-casablanca","author_link":"https:\/\/imcasablanca.cl\/?author=1"},"uagb_comment_info":0,"uagb_excerpt":"Sistema de Certificaci\u00f3n Ambiental Municipal El Sistema de Certificaci\u00f3n Ambiental Municipal (SCAM) es un sistema integral de car\u00e1cter voluntario, que [&hellip;]","_links":{"self":[{"href":"https:\/\/imcasablanca.cl\/index.php?rest_route=\/wp\/v2\/pages\/65","targetHints":{"allow":["GET"]}}],"collection":[{"href":"https:\/\/imcasablanca.cl\/index.php?rest_route=\/wp\/v2\/pages"}],"about":[{"href":"https:\/\/imcasablanca.cl\/index.php?rest_route=\/wp\/v2\/types\/page"}],"author":[{"embeddable":true,"href":"https:\/\/imcasablanca.cl\/index.php?rest_route=\/wp\/v2\/users\/1"}],"replies":[{"embeddable":true,"href":"https:\/\/imcasablanca.cl\/index.php?rest_route=%2Fwp%2Fv2%2Fcomments&post=65"}],"version-history":[{"count":13,"href":"https:\/\/imcasablanca.cl\/index.php?rest_route=\/wp\/v2\/pages\/65\/revisions"}],"predecessor-version":[{"id":3344,"href":"https:\/\/imcasablanca.cl\/index.php?rest_route=\/wp\/v2\/pages\/65\/revisions\/3344"}],"up":[{"embeddable":true,"href":"https:\/\/imcasablanca.cl\/index.php?rest_route=\/wp\/v2\/pages\/59"}],"wp:attachment":[{"href":"https:\/\/imcasablanca.cl\/index.php?rest_route=%2Fwp%2Fv2%2Fmedia&parent=65"}],"wp:term":[{"taxonomy":"mostrar_en_pagina","embeddable":true,"href":"https:\/\/imcasablanca.cl\/index.php?rest_route=%2Fwp%2Fv2%2Fmostrar_en_pagina&post=65"}],"curies":[{"name":"wp","href":"https:\/\/api.w.org\/{rel}","templated":true}]}}