{"id":8,"date":"2024-04-10T02:28:26","date_gmt":"2024-04-10T02:28:26","guid":{"rendered":"https:\/\/imcasablanca.cl\/?page_id=8"},"modified":"2026-01-28T00:28:03","modified_gmt":"2026-01-28T03:28:03","slug":"alcalde","status":"publish","type":"page","link":"https:\/\/imcasablanca.cl\/?page_id=8","title":{"rendered":"Alcalde"},"content":{"rendered":"\n<div class=\"wp-block-stackable-image stk-block-image stk-block stk-2623a10\" data-block-id=\"2623a10\"><style>.stk-2623a10 .stk-img-wrapper{height:719px !important;}.stk-2623a10 .stk-img-wrapper img{object-position:60% 40% !important;}<\/style><figure><span class=\"stk-img-wrapper stk-image--shape-stretch\"><img loading=\"lazy\" decoding=\"async\" class=\"stk-img wp-image-2819\" src=\"https:\/\/imcasablanca.cl\/wp-content\/uploads\/2026\/01\/ALCALDE-scaled.jpg\" width=\"2560\" height=\"1449\" srcset=\"https:\/\/imcasablanca.cl\/wp-content\/uploads\/2026\/01\/ALCALDE-scaled.jpg 2560w, https:\/\/imcasablanca.cl\/wp-content\/uploads\/2026\/01\/ALCALDE-300x170.jpg 300w, https:\/\/imcasablanca.cl\/wp-content\/uploads\/2026\/01\/ALCALDE-1024x579.jpg 1024w, https:\/\/imcasablanca.cl\/wp-content\/uploads\/2026\/01\/ALCALDE-768x435.jpg 768w, https:\/\/imcasablanca.cl\/wp-content\/uploads\/2026\/01\/ALCALDE-1536x869.jpg 1536w, https:\/\/imcasablanca.cl\/wp-content\/uploads\/2026\/01\/ALCALDE-2048x1159.jpg 2048w\" sizes=\"auto, (max-width: 2560px) 100vw, 2560px\" \/><\/span><\/figure><\/div>\n\n\n\n<div class=\"wp-block-stackable-image stk-block-image stk-block stk-833773d\" data-block-id=\"833773d\"><style>.stk-833773d .stk-img-wrapper{width:523px !important;}<\/style><figure><span class=\"stk-img-wrapper stk-image--shape-stretch\"><img loading=\"lazy\" decoding=\"async\" class=\"stk-img wp-image-2827\" src=\"https:\/\/imcasablanca.cl\/wp-content\/uploads\/2026\/01\/Captura-de-pantalla-2026-01-28-002427.png\" width=\"523\" height=\"49\" srcset=\"https:\/\/imcasablanca.cl\/wp-content\/uploads\/2026\/01\/Captura-de-pantalla-2026-01-28-002427.png 523w, https:\/\/imcasablanca.cl\/wp-content\/uploads\/2026\/01\/Captura-de-pantalla-2026-01-28-002427-300x28.png 300w\" sizes=\"auto, (max-width: 523px) 100vw, 523px\" \/><\/span><\/figure><\/div>\n\n\n\n<div class=\"wp-block-stackable-text stk-block-text stk-block stk-798ee08\" data-block-id=\"798ee08\"><style>.stk-798ee08 .stk-block-text__text{color:#338fee !important;}<\/style><p class=\"stk-block-text__text has-text-color has-text-align-justify\"><strong>Rodrigo Mart\u00ednez Roca, est\u00e1 casado, tiene 3 hijas, es abuelo, abogado, agricultor y vecino de Casablanca. Fue concejal, y luego alcalde desde 2012 a 2021.<br>Durante este tiempo se trabaj\u00f3 de manera \u00edntegra para el desarrollo de la comuna, preocup\u00e1ndose de mejorar la calidad de vida de los vecinos con proyectos que los beneficiaran de manera transversal sin importar su realidad social.<br>Es por esto que se crea el Centro Comunitario de Rehabilitaci\u00f3n (CCR) el a\u00f1o 2014, con la finalidad de apoyar a los vecinos con coberturas m\u00e9dicas que no estaban en la comuna. En la misma l\u00ednea la Botica Casablanca (2018), para entregar medicamentos a un precio justo.<br>En Educaci\u00f3n se trabaj\u00f3 para mejorar las condiciones y la calidad de los establecimientos educacionales de la comuna, logrando incluso conseguir un Liceo Bicentenario en Casablanca. Y mejorando el sistema de transporte, las ayudas y los beneficios entregados a los estudiantes.<br>Se potenci\u00f3 el trabajo en conjunto de vecinos con las empresas para incentivar el emprendimiento y el turismo. Se crea \u201cCocina Casablanca\u201d (2017) y Casablanca pasa a ser parte de Great Wines Capitals, una de las 10 Capitales Mundiales del Vino. As\u00ed como tambi\u00e9n Zona de Inter\u00e9s Tur\u00edstico (ZOIT).<br>Preocupado tambi\u00e9n del medioambiente, se realizan los trabajos del cierre del Vertedero Municipal y se desarrolla el proyecto del Centro de Transferencia Intermedio (CTI) que contempla el manejo y reutilizaci\u00f3n de los desechos de la comuna. Se difunden los programas de reciclaje, se instalan puntos verdes y se presenta el proyecto de la Planta de Compostaje e Invernadero Municipal.<br>Se potenci\u00f3, adem\u00e1s, el desarrollo del deporte con m\u00e1s de 40 talleres municipales y se trabaj\u00f3 en el desarrollo de canchas de f\u00fatbol rurales. Tambi\u00e9n en el desarrollo del tenis con dos canchas y clases., y se deja avanzado el gran proyecto del Polideportivo Municipal.<br>Se mejora la entrega de servicios sociales, incentivando el trabajo en conjunto con las organizaciones sociales a trav\u00e9s de las subvenciones municipales, y tambi\u00e9n se entregan becas y subsidios. Enfrenta una pandemia y como instituci\u00f3n se logra estar a la altura de lo que necesitaban nuestros vecinos.<br>Desde el 6 de diciembre Rodrigo Mart\u00ednez Roca vuelve a liderar el municipio, enfoc\u00e1ndose en el buen uso de los recursos municipales, impartiendo, adem\u00e1s, una pol\u00edtica de puertas abiertas, cercan\u00eda y transparencia.<br>Bajo la premisa de \u00abCasablanca para todos\u00ab, los vecinos, vuelven a ser el eje principal del trabajo que realizar\u00e1 la Ilustre Municipalidad de Casablanca generando las herramientas para que unidos volvamos a ser una comuna que destaque en la regi\u00f3n y en el pa\u00eds, y donde so\u00f1ar en grande no sea un imposible.<\/strong><\/p><\/div>\n\n\n\n<div style=\"height:100px\" aria-hidden=\"true\" class=\"wp-block-spacer\"><\/div>\n","protected":false},"excerpt":{"rendered":"<p>Rodrigo Mart\u00ednez Roca, est\u00e1 casado, tiene 3 hijas, es abuelo, abogado, agricultor y vecino de Casablanca. Fue concejal, y luego [&hellip;]<\/p>\n","protected":false},"author":1,"featured_media":0,"parent":0,"menu_order":0,"comment_status":"closed","ping_status":"closed","template":"","meta":{"_uag_custom_page_level_css":"","site-sidebar-layout":"default","site-content-layout":"","ast-site-content-layout":"default","site-content-style":"default","site-sidebar-style":"default","ast-global-header-display":"","ast-banner-title-visibility":"","ast-main-header-display":"","ast-hfb-above-header-display":"","ast-hfb-below-header-display":"","ast-hfb-mobile-header-display":"","site-post-title":"","ast-breadcrumbs-content":"","ast-featured-img":"","footer-sml-layout":"","ast-disable-related-posts":"","theme-transparent-header-meta":"","adv-header-id-meta":"","stick-header-meta":"","header-above-stick-meta":"","header-main-stick-meta":"","header-below-stick-meta":"","astra-migrate-meta-layouts":"default","ast-page-background-enabled":"default","ast-page-background-meta":{"desktop":{"background-color":"var(--ast-global-color-4)","background-image":"","background-repeat":"repeat","background-position":"center center","background-size":"auto","background-attachment":"scroll","background-type":"","background-media":"","overlay-type":"","overlay-color":"","overlay-opacity":"","overlay-gradient":""},"tablet":{"background-color":"","background-image":"","background-repeat":"repeat","background-position":"center center","background-size":"auto","background-attachment":"scroll","background-type":"","background-media":"","overlay-type":"","overlay-color":"","overlay-opacity":"","overlay-gradient":""},"mobile":{"background-color":"","background-image":"","background-repeat":"repeat","background-position":"center center","background-size":"auto","background-attachment":"scroll","background-type":"","background-media":"","overlay-type":"","overlay-color":"","overlay-opacity":"","overlay-gradient":""}},"ast-content-background-meta":{"desktop":{"background-color":"var(--ast-global-color-5)","background-image":"","background-repeat":"repeat","background-position":"center center","background-size":"auto","background-attachment":"scroll","background-type":"","background-media":"","overlay-type":"","overlay-color":"","overlay-opacity":"","overlay-gradient":""},"tablet":{"background-color":"var(--ast-global-color-5)","background-image":"","background-repeat":"repeat","background-position":"center center","background-size":"auto","background-attachment":"scroll","background-type":"","background-media":"","overlay-type":"","overlay-color":"","overlay-opacity":"","overlay-gradient":""},"mobile":{"background-color":"var(--ast-global-color-5)","background-image":"","background-repeat":"repeat","background-position":"center center","background-size":"auto","background-attachment":"scroll","background-type":"","background-media":"","overlay-type":"","overlay-color":"","overlay-opacity":"","overlay-gradient":""}},"footnotes":""},"mostrar_en_pagina":[],"class_list":["post-8","page","type-page","status-publish","hentry"],"uagb_featured_image_src":{"full":false,"thumbnail":false,"medium":false,"medium_large":false,"large":false,"1536x1536":false,"2048x2048":false},"uagb_author_info":{"display_name":"admin-casablanca","author_link":"https:\/\/imcasablanca.cl\/?author=1"},"uagb_comment_info":0,"uagb_excerpt":"Rodrigo Mart\u00ednez Roca, est\u00e1 casado, tiene 3 hijas, es abuelo, abogado, agricultor y vecino de Casablanca. Fue concejal, y luego [&hellip;]","_links":{"self":[{"href":"https:\/\/imcasablanca.cl\/index.php?rest_route=\/wp\/v2\/pages\/8","targetHints":{"allow":["GET"]}}],"collection":[{"href":"https:\/\/imcasablanca.cl\/index.php?rest_route=\/wp\/v2\/pages"}],"about":[{"href":"https:\/\/imcasablanca.cl\/index.php?rest_route=\/wp\/v2\/types\/page"}],"author":[{"embeddable":true,"href":"https:\/\/imcasablanca.cl\/index.php?rest_route=\/wp\/v2\/users\/1"}],"replies":[{"embeddable":true,"href":"https:\/\/imcasablanca.cl\/index.php?rest_route=%2Fwp%2Fv2%2Fcomments&post=8"}],"version-history":[{"count":93,"href":"https:\/\/imcasablanca.cl\/index.php?rest_route=\/wp\/v2\/pages\/8\/revisions"}],"predecessor-version":[{"id":2833,"href":"https:\/\/imcasablanca.cl\/index.php?rest_route=\/wp\/v2\/pages\/8\/revisions\/2833"}],"wp:attachment":[{"href":"https:\/\/imcasablanca.cl\/index.php?rest_route=%2Fwp%2Fv2%2Fmedia&parent=8"}],"wp:term":[{"taxonomy":"mostrar_en_pagina","embeddable":true,"href":"https:\/\/imcasablanca.cl\/index.php?rest_route=%2Fwp%2Fv2%2Fmostrar_en_pagina&post=8"}],"curies":[{"name":"wp","href":"https:\/\/api.w.org\/{rel}","templated":true}]}}