{"id":85,"date":"2024-04-10T02:38:26","date_gmt":"2024-04-10T02:38:26","guid":{"rendered":"https:\/\/imcasablanca.cl\/?page_id=85"},"modified":"2025-04-07T16:26:46","modified_gmt":"2025-04-07T20:26:46","slug":"rrpp-protocolo-turismo-y-culturas","status":"publish","type":"page","link":"https:\/\/imcasablanca.cl\/?page_id=85","title":{"rendered":"RR.PP, Protocolo, Cultura y Turismo"},"content":{"rendered":"\n<div class=\"wp-block-cover alignfull patronsvg\" style=\"margin-top:0;margin-bottom:var(--wp--preset--spacing--40);padding-top:var(--wp--preset--spacing--60);padding-bottom:var(--wp--preset--spacing--70);min-height:240px;aspect-ratio:unset;\"><span aria-hidden=\"true\" class=\"wp-block-cover__background has-ast-global-color-0-background-color has-background-dim-100 has-background-dim\"><\/span><img loading=\"lazy\" decoding=\"async\" width=\"1366\" height=\"400\" class=\"wp-block-cover__image-background wp-image-376\" alt=\"\" src=\"https:\/\/imcasablanca.cl\/wp-content\/uploads\/2024\/04\/pattern-1.svg\" data-object-fit=\"cover\"\/><div class=\"wp-block-cover__inner-container is-layout-constrained wp-container-core-cover-is-layout-6fa69d00 wp-block-cover-is-layout-constrained\">\n<div class=\"wp-block-group is-content-justification-left is-layout-constrained wp-container-core-group-is-layout-07915919 wp-block-group-is-layout-constrained\"><h1 style=\"font-style:normal;font-weight:700;text-transform:uppercase;\" class=\"alignfull wp-block-post-title has-x-large-font-size\">RR.PP, Protocolo, Cultura y Turismo<\/h1>\n\n\n<p><strong>Horario de atenci\u00f3n:<\/strong><br>\u2022 Lunes a jueves: 08:30 a 14:00 horas &#8211; 15:00 a 17:30 horas.&nbsp;<br>\u2022 Viernes: 08:30 a 14:00 horas &#8211; 15:00 a 16:30 horas.<\/p>\n<\/div>\n<\/div><\/div>\n\n\n\n\n\n<div class=\"wp-block-columns alignwide is-layout-flex wp-container-core-columns-is-layout-28f84493 wp-block-columns-is-layout-flex\">\n<div class=\"wp-block-column is-layout-flow wp-block-column-is-layout-flow\">\n<h2 class=\"wp-block-heading\">Funciones<\/h2>\n\n\n\n<p>Fortalecer la conexi\u00f3n con la comunidad, impulsar el turismo local y promover el desarrollo cultural a trav\u00e9s de la difusi\u00f3n de las artes y el conocimiento.&nbsp;<\/p>\n\n\n\n<p><strong>Direcci\u00f3n de Relaciones P\u00fablicas:<\/strong>&nbsp; Av. Constituci\u00f3n #111, Edificio Consistorial<\/p>\n\n\n\n<p><strong>Direcci\u00f3n de Desarrollo Cultural y Gesti\u00f3n Patrimonial:<\/strong> Av. Portales #2<\/p>\n\n\n\n<p><strong>Horario de atenci\u00f3n:&nbsp;<\/strong>lunes a jueves: 8:30 a 14:00 horas&nbsp; y de 15:00 a 17:30 horas. Viernes: 8:30 a 14:00 horas &#8211; 15:00 a 16:30 horas.<\/p>\n\n\n\n<p><\/p>\n\n\n\n<h3 class=\"wp-block-heading\"><strong>Relaciones P\u00fablicas<\/strong><\/h3>\n\n\n\n<div class=\"wp-block-columns is-layout-flex wp-container-core-columns-is-layout-6fff4716 wp-block-columns-is-layout-flex\" style=\"margin-bottom:10px\">\n<div class=\"wp-block-column is-layout-flow wp-block-column-is-layout-flow\">\n<p><strong>Directora:<\/strong> Lorena Galea Rojas<br><strong>Tel\u00e9fono:<\/strong> (32) 2277478<br><strong>Correo electr\u00f3nico:<\/strong> <a href=\"mailto:lorena.galea@municipalidadcasablanca.cl\">lorena.galea@municipalidadcasablanca.cl<\/a>&nbsp;<\/p>\n<\/div>\n\n\n\n<div class=\"wp-block-column is-layout-flow wp-block-column-is-layout-flow\">\n<p><strong>Relacionadora P\u00fablica:<\/strong> Oriel Cast\u00e1n Cartagena<br><strong>Tel\u00e9fono: <\/strong>(32) 2277584<br><strong>Correo electr\u00f3nico:<\/strong> <a href=\"mailto:oriel.castan@municipalidadcasablanca.cl\">oriel.castan@municipalidadcasablanca.cl<\/a><\/p>\n<\/div>\n<\/div>\n\n\n\n<div class=\"wp-block-columns is-layout-flex wp-container-core-columns-is-layout-6fff4716 wp-block-columns-is-layout-flex\" style=\"margin-bottom:10px\">\n<div class=\"wp-block-column is-layout-flow wp-block-column-is-layout-flow\">\n<p><strong>Administrativa:<\/strong> Francisca Alvarado Inostroza<br><strong>Tel\u00e9fono:<\/strong> (32) 2277584<br><strong>Correo electr\u00f3nico:<\/strong> <a href=\"mailto:oriel.castan@municipalidadcasablanca.cl\">oriel.castan@municipalidadcasablanca.cl<\/a><\/p>\n<\/div>\n\n\n\n<div class=\"wp-block-column is-layout-flow wp-container-core-column-is-layout-8a368f38 wp-block-column-is-layout-flow\">\n<p><strong>Oficina de Turismo:<\/strong> Connie Varela Lepe<br><strong>Tel\u00e9fono<\/strong>: (32) 2277520<br><strong>Correo electr\u00f3nico: <\/strong><a href=\"mailto:turismo@municipalidadcasablanca.cl\">turismo@municipalidadcasablanca.cl<\/a><\/p>\n<\/div>\n<\/div>\n\n\n\n<div class=\"wp-block-columns is-layout-flex wp-container-core-columns-is-layout-28f84493 wp-block-columns-is-layout-flex\">\n<div class=\"wp-block-column is-layout-flow wp-block-column-is-layout-flow\">\n<p><strong>Periodista Comunicaciones:<\/strong> Jorge Gonz\u00e1lez Retamales<br><strong>Tel\u00e9fono<\/strong>: (32) 2277455<br><strong>Correo electr\u00f3nico:<\/strong> <a href=\"mailto:jorge.gonzalez@municipalidadcasablanca.cl\">jorge.gonzalez@municipalidadcasablanca.cl <\/a><br><\/p>\n<\/div>\n\n\n\n<div class=\"wp-block-column is-layout-flow wp-block-column-is-layout-flow\">\n<p><strong>Periodista de Medios: <\/strong>Maronny Tapia S\u00e1nchez<br><strong>Tel\u00e9fono<\/strong>: (32) 2277584<br><strong>Correo electr\u00f3nico: <\/strong><a href=\"mailto:maronny.tapia@municipalidadcasablanca.cl\">maronny.tapia@municipalidadcasablanca.cl<\/a><\/p>\n<\/div>\n<\/div>\n<\/div>\n<\/div>\n\n\n\n<h3 class=\"wp-block-heading\"><strong>Centro Cultural<\/strong><\/h3>\n\n\n\n<p><\/p>\n\n\n\n<div class=\"wp-block-stackable-columns stk-block-columns stk-block stk-4ba91d5\" data-block-id=\"4ba91d5\"><div class=\"stk-row stk-inner-blocks stk-block-content stk-content-align stk-4ba91d5-column\">\n<div class=\"wp-block-stackable-column stk-block-column stk-column stk-block stk-8518a29\" data-v=\"4\" data-block-id=\"8518a29\"><div class=\"stk-column-wrapper stk-block-column__content stk-container stk-8518a29-container stk--no-background stk--no-padding\"><div class=\"stk-block-content stk-inner-blocks stk-8518a29-inner-blocks\">\n<p><strong>Secretaria<\/strong>: Ana Silva<br><strong>Tel\u00e9fono<\/strong>: (32) 2277425<br>Correo electr\u00f3nico: <a href=\"mailto:asilva@municipalidadcasablanca.cl\">asilva@municipalidadcasablanca.cl<\/a><\/p>\n<\/div><\/div><\/div>\n\n\n\n<div class=\"wp-block-stackable-column stk-block-column stk-column stk-block stk-664e322\" data-v=\"4\" data-block-id=\"664e322\"><div class=\"stk-column-wrapper stk-block-column__content stk-container stk-664e322-container stk--no-background stk--no-padding\"><div class=\"stk-block-content stk-inner-blocks stk-664e322-inner-blocks\">\n<p><strong>Gestor Cultural:<\/strong> Emilio Heck Ubilla<br>Tel\u00e9fono: (32) 2277425<br>Correo electr\u00f3nico: <a href=\"mailto:emilio.heck@municipalidadcasablanca.cl\">emilio.heck@municipalidadcasablanca.cl<\/a><\/p>\n<\/div><\/div><\/div>\n<\/div><\/div>\n\n\n\n<div class=\"wp-block-stackable-columns stk-block-columns stk-block stk-e4099a5\" data-block-id=\"e4099a5\"><div class=\"stk-row stk-inner-blocks stk-block-content stk-content-align stk-e4099a5-column\">\n<div class=\"wp-block-stackable-column stk-block-column stk-column stk-block stk-cd47303\" data-v=\"4\" data-block-id=\"cd47303\"><div class=\"stk-column-wrapper stk-block-column__content stk-container stk-cd47303-container stk--no-background stk--no-padding\"><div class=\"stk-block-content stk-inner-blocks stk-cd47303-inner-blocks\">\n<p><strong>Administrativo<\/strong>: Marco Cerda<br><strong>Tel\u00e9fono<\/strong>: (32) 2277547<br><strong>Correo electr\u00f3nico:<\/strong> <a href=\"mailto:marco.cerda@municipalidadcasablanca.cl\">marco.cerda@municipalidadcasablanca.cl<\/a><\/p>\n<\/div><\/div><\/div>\n\n\n\n<div class=\"wp-block-stackable-column stk-block-column stk-column stk-block stk-3395ccb\" data-v=\"4\" data-block-id=\"3395ccb\"><div class=\"stk-column-wrapper stk-block-column__content stk-container stk-3395ccb-container stk--no-background stk--no-padding\"><div class=\"stk-block-content stk-inner-blocks stk-3395ccb-inner-blocks\"><\/div><\/div><\/div>\n<\/div><\/div>\n\n\n\n<p><\/p>\n","protected":false},"excerpt":{"rendered":"<p>Funciones Fortalecer la conexi\u00f3n con la comunidad, impulsar el turismo local y promover el desarrollo cultural a trav\u00e9s de la [&hellip;]<\/p>\n","protected":false},"author":1,"featured_media":0,"parent":0,"menu_order":0,"comment_status":"closed","ping_status":"closed","template":"","meta":{"_uag_custom_page_level_css":"","site-sidebar-layout":"default","site-content-layout":"","ast-site-content-layout":"default","site-content-style":"default","site-sidebar-style":"default","ast-global-header-display":"","ast-banner-title-visibility":"","ast-main-header-display":"","ast-hfb-above-header-display":"","ast-hfb-below-header-display":"","ast-hfb-mobile-header-display":"","site-post-title":"","ast-breadcrumbs-content":"","ast-featured-img":"","footer-sml-layout":"","ast-disable-related-posts":"","theme-transparent-header-meta":"","adv-header-id-meta":"","stick-header-meta":"","header-above-stick-meta":"","header-main-stick-meta":"","header-below-stick-meta":"","astra-migrate-meta-layouts":"default","ast-page-background-enabled":"default","ast-page-background-meta":{"desktop":{"background-color":"var(--ast-global-color-4)","background-image":"","background-repeat":"repeat","background-position":"center center","background-size":"auto","background-attachment":"scroll","background-type":"","background-media":"","overlay-type":"","overlay-color":"","overlay-opacity":"","overlay-gradient":""},"tablet":{"background-color":"","background-image":"","background-repeat":"repeat","background-position":"center center","background-size":"auto","background-attachment":"scroll","background-type":"","background-media":"","overlay-type":"","overlay-color":"","overlay-opacity":"","overlay-gradient":""},"mobile":{"background-color":"","background-image":"","background-repeat":"repeat","background-position":"center center","background-size":"auto","background-attachment":"scroll","background-type":"","background-media":"","overlay-type":"","overlay-color":"","overlay-opacity":"","overlay-gradient":""}},"ast-content-background-meta":{"desktop":{"background-color":"var(--ast-global-color-5)","background-image":"","background-repeat":"repeat","background-position":"center center","background-size":"auto","background-attachment":"scroll","background-type":"","background-media":"","overlay-type":"","overlay-color":"","overlay-opacity":"","overlay-gradient":""},"tablet":{"background-color":"var(--ast-global-color-5)","background-image":"","background-repeat":"repeat","background-position":"center center","background-size":"auto","background-attachment":"scroll","background-type":"","background-media":"","overlay-type":"","overlay-color":"","overlay-opacity":"","overlay-gradient":""},"mobile":{"background-color":"var(--ast-global-color-5)","background-image":"","background-repeat":"repeat","background-position":"center center","background-size":"auto","background-attachment":"scroll","background-type":"","background-media":"","overlay-type":"","overlay-color":"","overlay-opacity":"","overlay-gradient":""}},"footnotes":""},"mostrar_en_pagina":[],"class_list":["post-85","page","type-page","status-publish","hentry"],"uagb_featured_image_src":{"full":false,"thumbnail":false,"medium":false,"medium_large":false,"large":false,"1536x1536":false,"2048x2048":false},"uagb_author_info":{"display_name":"admin-casablanca","author_link":"https:\/\/imcasablanca.cl\/?author=1"},"uagb_comment_info":0,"uagb_excerpt":"Funciones Fortalecer la conexi\u00f3n con la comunidad, impulsar el turismo local y promover el desarrollo cultural a trav\u00e9s de la [&hellip;]","_links":{"self":[{"href":"https:\/\/imcasablanca.cl\/index.php?rest_route=\/wp\/v2\/pages\/85","targetHints":{"allow":["GET"]}}],"collection":[{"href":"https:\/\/imcasablanca.cl\/index.php?rest_route=\/wp\/v2\/pages"}],"about":[{"href":"https:\/\/imcasablanca.cl\/index.php?rest_route=\/wp\/v2\/types\/page"}],"author":[{"embeddable":true,"href":"https:\/\/imcasablanca.cl\/index.php?rest_route=\/wp\/v2\/users\/1"}],"replies":[{"embeddable":true,"href":"https:\/\/imcasablanca.cl\/index.php?rest_route=%2Fwp%2Fv2%2Fcomments&post=85"}],"version-history":[{"count":34,"href":"https:\/\/imcasablanca.cl\/index.php?rest_route=\/wp\/v2\/pages\/85\/revisions"}],"predecessor-version":[{"id":2344,"href":"https:\/\/imcasablanca.cl\/index.php?rest_route=\/wp\/v2\/pages\/85\/revisions\/2344"}],"wp:attachment":[{"href":"https:\/\/imcasablanca.cl\/index.php?rest_route=%2Fwp%2Fv2%2Fmedia&parent=85"}],"wp:term":[{"taxonomy":"mostrar_en_pagina","embeddable":true,"href":"https:\/\/imcasablanca.cl\/index.php?rest_route=%2Fwp%2Fv2%2Fmostrar_en_pagina&post=85"}],"curies":[{"name":"wp","href":"https:\/\/api.w.org\/{rel}","templated":true}]}}