{"id":86,"date":"2024-04-10T02:38:34","date_gmt":"2024-04-10T02:38:34","guid":{"rendered":"https:\/\/imcasablanca.cl\/?page_id=86"},"modified":"2025-03-18T15:11:01","modified_gmt":"2025-03-18T18:11:01","slug":"transito-y-transporte-publico","status":"publish","type":"page","link":"https:\/\/imcasablanca.cl\/?page_id=86","title":{"rendered":"Tr\u00e1nsito y Transporte P\u00fablico"},"content":{"rendered":"\n<div class=\"wp-block-cover alignfull patronsvg\" style=\"margin-top:0;margin-bottom:var(--wp--preset--spacing--40);padding-top:var(--wp--preset--spacing--60);padding-bottom:var(--wp--preset--spacing--70);min-height:240px;aspect-ratio:unset;\"><span aria-hidden=\"true\" class=\"wp-block-cover__background has-ast-global-color-0-background-color has-background-dim-100 has-background-dim\"><\/span><img loading=\"lazy\" decoding=\"async\" width=\"1366\" height=\"400\" class=\"wp-block-cover__image-background wp-image-376\" alt=\"\" src=\"https:\/\/imcasablanca.cl\/wp-content\/uploads\/2024\/04\/pattern-1.svg\" data-object-fit=\"cover\"\/><div class=\"wp-block-cover__inner-container is-layout-constrained wp-container-core-cover-is-layout-6fa69d00 wp-block-cover-is-layout-constrained\">\n<div class=\"wp-block-group is-content-justification-left is-layout-constrained wp-container-core-group-is-layout-07915919 wp-block-group-is-layout-constrained\"><h1 style=\"font-style:normal;font-weight:700;text-transform:uppercase;\" class=\"alignfull wp-block-post-title has-x-large-font-size\">Tr\u00e1nsito y Transporte P\u00fablico<\/h1>\n\n\n<p><strong>Horario de atenci\u00f3n:<\/strong>\u00a0<br>\u2022 Lunes a viernes: 08:30 a 14:00 horas &#8211; 15:00 a 17:30 horas.<br><strong>Horario de atenci\u00f3n para pagos:<\/strong><br>\u2022 Lunes a Viernes: 08:30 horas a 13:45 horas.<\/p>\n<\/div>\n<\/div><\/div>\n\n\n\n\n\n<div class=\"wp-block-columns alignwide is-layout-flex wp-container-core-columns-is-layout-28f84493 wp-block-columns-is-layout-flex\">\n<div class=\"wp-block-column is-layout-flow wp-block-column-is-layout-flow\">\n<h2 class=\"wp-block-heading\">Funci\u00f3n<\/h2>\n\n\n\n<p>La Direcci\u00f3n de Transporte y Tr\u00e1nsito P\u00fablico tiene por objetivo el asegurar la optimizaci\u00f3n de las condiciones de tr\u00e1nsito&nbsp; asegurando un desplazamiento permanente y seguro,&nbsp; otorgando a la comunidad los servicios que establece la Ley de una manera oportuna y eficaz, de acuerdo a la demanda creciente de la ciudad.<\/p>\n\n\n\n<h4 class=\"wp-block-heading\">Ubicaci\u00f3n<\/h4>\n\n\n\n<p>Av. Portales #60, Patio Interior.<\/p>\n\n\n\n<h3 class=\"wp-block-heading\">Funcionarios Municipales<\/h3>\n\n\n\n<div class=\"wp-block-stackable-feature-grid alignfull stk-block-feature-grid stk-block-columns stk-block stk-064ccbc is-style-float\" data-block-id=\"064ccbc\"><div class=\"stk-row stk-inner-blocks has-text-align-center stk-block-content stk-content-align stk-064ccbc-column alignwide\">\n<div class=\"wp-block-stackable-column stk-block-column stk-column stk-block stk-0ecb913\" data-v=\"4\" data-block-id=\"0ecb913\"><style>.stk-0ecb913 {margin-bottom:120px !important;}.stk-0ecb913-container{padding-left:80px !important;}<\/style><div class=\"stk-column-wrapper stk-block-column__content stk-container stk-0ecb913-container stk-hover-parent\"><div class=\"has-text-align-left stk-block-content stk-inner-blocks stk-0ecb913-inner-blocks\">\n<div class=\"wp-block-stackable-text stk-block-text stk-block stk-39d9c00\" data-block-id=\"39d9c00\"><p class=\"stk-block-text__text has-text-align-center\"><strong>Director:<\/strong> <br>Luis Pacheco Silva<br><a href=\"mailto:msalinas@municipalidadcasablanca.cl\"><\/a><a href=\"mailto:lpacheco@municipalidadcasablanca.cl\">lpacheco@municipalidadcasablanca.cl<\/a><\/p><\/div>\n<\/div><\/div><\/div>\n\n\n\n<div class=\"wp-block-stackable-column stk-block-column stk-column stk-block stk-74345ce\" data-v=\"4\" data-block-id=\"74345ce\"><style>.stk-74345ce {margin-top:100px !important;}.stk-74345ce-container{padding-left:80px !important;}@media screen and (max-width: 767px){.stk-74345ce {margin-top:-100px !important;}}<\/style><div class=\"stk-column-wrapper stk-block-column__content stk-container stk-74345ce-container stk-hover-parent\"><div class=\"has-text-align-left stk-block-content stk-inner-blocks stk-74345ce-inner-blocks\">\n<div class=\"wp-block-stackable-text stk-block-text stk-block stk-ef2a5c7\" data-block-id=\"ef2a5c7\"><p class=\"stk-block-text__text has-text-align-center\"><strong>Encargado Estudios y Proyectos:<\/strong><br>Nicolas Ot\u00e1rola Vald\u00e9s<br><a href=\"mailto:mbasualto@municipalidadcasablanca.cl\"><\/a><a href=\"mailto:notarola@municipalidadcasablanca.cl\">notarola@municipalidadcasablanca.cl<\/a><\/p><\/div>\n<\/div><\/div><\/div>\n<\/div><\/div>\n\n\n\n<div class=\"wp-block-stackable-feature-grid alignfull stk-block-feature-grid stk-block-columns stk-block stk-626b0a6 is-style-float\" data-block-id=\"626b0a6\"><div class=\"stk-row stk-inner-blocks has-text-align-center stk-block-content stk-content-align stk-626b0a6-column alignwide\">\n<div class=\"wp-block-stackable-column stk-block-column stk-column stk-block stk-b878fbd\" data-v=\"4\" data-block-id=\"b878fbd\"><style>.stk-b878fbd {margin-top:-115px !important;margin-bottom:100px !important;}.stk-b878fbd-container{padding-left:80px !important;}@media screen and (max-width: 767px){.stk-b878fbd {margin-top:10px !important;}}<\/style><div class=\"stk-column-wrapper stk-block-column__content stk-container stk-b878fbd-container stk-hover-parent\"><div class=\"has-text-align-left stk-block-content stk-inner-blocks stk-b878fbd-inner-blocks\">\n<div class=\"wp-block-stackable-text stk-block-text stk-block stk-820b0da\" data-block-id=\"820b0da\"><p class=\"stk-block-text__text has-text-align-center\"><strong>Secretaria:<\/strong><br>Francisca Far\u00edas Far\u00edas<br>(32) 2277521<br><a href=\"mailto:mvenegas@municipalidadcasablanca.cl\"><\/a><a href=\"mailto:ffarias@municipalidadcasablanca.cl\">ffarias@municipalidadcasablanca.cl<\/a><br><\/p><\/div>\n<\/div><\/div><\/div>\n\n\n\n<div class=\"wp-block-stackable-column stk-block-column stk-column stk-block stk-51baefc\" data-v=\"4\" data-block-id=\"51baefc\"><style>.stk-51baefc-container{padding-left:80px !important;}@media screen and (max-width: 767px){.stk-51baefc {margin-top:-80px !important;}}<\/style><div class=\"stk-column-wrapper stk-block-column__content stk-container stk-51baefc-container stk-hover-parent\"><div class=\"has-text-align-left stk-block-content stk-inner-blocks stk-51baefc-inner-blocks\">\n<div class=\"wp-block-stackable-text stk-block-text stk-block stk-6d94454\" data-block-id=\"6d94454\"><p class=\"stk-block-text__text has-text-align-center\"><strong>Secretaria: <\/strong><br>Nayadeth Zepeda Alcayaga\u00a0<br><strong>(<\/strong>32) 2277521<br><a href=\"mailto:nayadeth.zepeda@municipalidadcasablanca.cl\">nayadeth.zepeda@municipalidadcasablanca.cl<\/a><\/p><\/div>\n<\/div><\/div><\/div>\n<\/div><\/div>\n\n\n\n<div class=\"wp-block-stackable-feature-grid alignfull stk-block-feature-grid stk-block-columns stk-block stk-7efbb2e is-style-float\" data-block-id=\"7efbb2e\"><div class=\"stk-row stk-inner-blocks has-text-align-center stk-block-content stk-content-align stk-7efbb2e-column alignwide\">\n<div class=\"wp-block-stackable-column stk-block-column stk-column stk-block stk-6c8635b\" data-v=\"4\" data-block-id=\"6c8635b\"><style>.stk-6c8635b {margin-top:-115px !important;margin-bottom:100px !important;}.stk-6c8635b-container{padding-left:80px !important;}@media screen and (max-width: 767px){.stk-6c8635b {margin-top:20px !important;}}<\/style><div class=\"stk-column-wrapper stk-block-column__content stk-container stk-6c8635b-container stk-hover-parent\"><div class=\"has-text-align-left stk-block-content stk-inner-blocks stk-6c8635b-inner-blocks\">\n<div class=\"wp-block-stackable-text stk-block-text stk-block stk-5daa11b\" data-block-id=\"5daa11b\"><p class=\"stk-block-text__text has-text-align-center\"><strong>Secretaria:<\/strong> <br>Jessica Espejo Arenas<br>(32) 2277526<br><a href=\"mailto:msalinas@municipalidadcasablanca.cl\"><\/a><a href=\"mailto:isilva@municipalidadcasablanca.cl\"><\/a><a href=\"mailto:jespejo@municipalidadcasablanca.cl\">jespejo@municipalidadcasablanca.cl<\/a><\/p><\/div>\n<\/div><\/div><\/div>\n\n\n\n<div class=\"wp-block-stackable-column stk-block-column stk-column stk-block stk-cc041d7\" data-v=\"4\" data-block-id=\"cc041d7\"><style>.stk-cc041d7-container{padding-left:80px !important;}@media screen and (max-width: 767px){.stk-cc041d7 {margin-top:-80px !important;}}<\/style><div class=\"stk-column-wrapper stk-block-column__content stk-container stk-cc041d7-container stk-hover-parent\"><div class=\"has-text-align-left stk-block-content stk-inner-blocks stk-cc041d7-inner-blocks\">\n<div class=\"wp-block-stackable-text stk-block-text stk-block stk-468fac3\" data-block-id=\"468fac3\"><p class=\"stk-block-text__text has-text-align-center\"><strong>Encargado Licencias de Conducir:<\/strong><br>Juan Saavedra Salazar<br>(32) 2277550<br><a href=\"mailto:aaballay@municipalidadcasablanca.cl\"><\/a><a href=\"mailto:jsaavedra@municipalidadcasablanca.cl\">jsaavedra@municipalidadcasablanca.cl<\/a><\/p><\/div>\n<\/div><\/div><\/div>\n<\/div><\/div>\n<\/div>\n<\/div>\n","protected":false},"excerpt":{"rendered":"<p>Funci\u00f3n La Direcci\u00f3n de Transporte y Tr\u00e1nsito P\u00fablico tiene por objetivo el asegurar la optimizaci\u00f3n de las condiciones de tr\u00e1nsito&nbsp; [&hellip;]<\/p>\n","protected":false},"author":1,"featured_media":0,"parent":0,"menu_order":0,"comment_status":"closed","ping_status":"closed","template":"","meta":{"_uag_custom_page_level_css":"","site-sidebar-layout":"default","site-content-layout":"","ast-site-content-layout":"default","site-content-style":"default","site-sidebar-style":"default","ast-global-header-display":"","ast-banner-title-visibility":"","ast-main-header-display":"","ast-hfb-above-header-display":"","ast-hfb-below-header-display":"","ast-hfb-mobile-header-display":"","site-post-title":"","ast-breadcrumbs-content":"","ast-featured-img":"","footer-sml-layout":"","ast-disable-related-posts":"","theme-transparent-header-meta":"","adv-header-id-meta":"","stick-header-meta":"","header-above-stick-meta":"","header-main-stick-meta":"","header-below-stick-meta":"","astra-migrate-meta-layouts":"default","ast-page-background-enabled":"default","ast-page-background-meta":{"desktop":{"background-color":"var(--ast-global-color-4)","background-image":"","background-repeat":"repeat","background-position":"center center","background-size":"auto","background-attachment":"scroll","background-type":"","background-media":"","overlay-type":"","overlay-color":"","overlay-opacity":"","overlay-gradient":""},"tablet":{"background-color":"","background-image":"","background-repeat":"repeat","background-position":"center center","background-size":"auto","background-attachment":"scroll","background-type":"","background-media":"","overlay-type":"","overlay-color":"","overlay-opacity":"","overlay-gradient":""},"mobile":{"background-color":"","background-image":"","background-repeat":"repeat","background-position":"center center","background-size":"auto","background-attachment":"scroll","background-type":"","background-media":"","overlay-type":"","overlay-color":"","overlay-opacity":"","overlay-gradient":""}},"ast-content-background-meta":{"desktop":{"background-color":"var(--ast-global-color-5)","background-image":"","background-repeat":"repeat","background-position":"center center","background-size":"auto","background-attachment":"scroll","background-type":"","background-media":"","overlay-type":"","overlay-color":"","overlay-opacity":"","overlay-gradient":""},"tablet":{"background-color":"var(--ast-global-color-5)","background-image":"","background-repeat":"repeat","background-position":"center center","background-size":"auto","background-attachment":"scroll","background-type":"","background-media":"","overlay-type":"","overlay-color":"","overlay-opacity":"","overlay-gradient":""},"mobile":{"background-color":"var(--ast-global-color-5)","background-image":"","background-repeat":"repeat","background-position":"center center","background-size":"auto","background-attachment":"scroll","background-type":"","background-media":"","overlay-type":"","overlay-color":"","overlay-opacity":"","overlay-gradient":""}},"footnotes":""},"mostrar_en_pagina":[],"class_list":["post-86","page","type-page","status-publish","hentry"],"uagb_featured_image_src":{"full":false,"thumbnail":false,"medium":false,"medium_large":false,"large":false,"1536x1536":false,"2048x2048":false},"uagb_author_info":{"display_name":"admin-casablanca","author_link":"https:\/\/imcasablanca.cl\/?author=1"},"uagb_comment_info":0,"uagb_excerpt":"Funci\u00f3n La Direcci\u00f3n de Transporte y Tr\u00e1nsito P\u00fablico tiene por objetivo el asegurar la optimizaci\u00f3n de las condiciones de tr\u00e1nsito&nbsp; [&hellip;]","_links":{"self":[{"href":"https:\/\/imcasablanca.cl\/index.php?rest_route=\/wp\/v2\/pages\/86","targetHints":{"allow":["GET"]}}],"collection":[{"href":"https:\/\/imcasablanca.cl\/index.php?rest_route=\/wp\/v2\/pages"}],"about":[{"href":"https:\/\/imcasablanca.cl\/index.php?rest_route=\/wp\/v2\/types\/page"}],"author":[{"embeddable":true,"href":"https:\/\/imcasablanca.cl\/index.php?rest_route=\/wp\/v2\/users\/1"}],"replies":[{"embeddable":true,"href":"https:\/\/imcasablanca.cl\/index.php?rest_route=%2Fwp%2Fv2%2Fcomments&post=86"}],"version-history":[{"count":7,"href":"https:\/\/imcasablanca.cl\/index.php?rest_route=\/wp\/v2\/pages\/86\/revisions"}],"predecessor-version":[{"id":2306,"href":"https:\/\/imcasablanca.cl\/index.php?rest_route=\/wp\/v2\/pages\/86\/revisions\/2306"}],"wp:attachment":[{"href":"https:\/\/imcasablanca.cl\/index.php?rest_route=%2Fwp%2Fv2%2Fmedia&parent=86"}],"wp:term":[{"taxonomy":"mostrar_en_pagina","embeddable":true,"href":"https:\/\/imcasablanca.cl\/index.php?rest_route=%2Fwp%2Fv2%2Fmostrar_en_pagina&post=86"}],"curies":[{"name":"wp","href":"https:\/\/api.w.org\/{rel}","templated":true}]}}